{"id":138315,"date":"2025-09-23T10:50:33","date_gmt":"2025-09-23T07:50:33","guid":{"rendered":"https:\/\/cha.ee\/?post_type=product&#038;p=138315"},"modified":"2026-01-08T14:39:22","modified_gmt":"2026-01-08T12:39:22","slug":"kusmi-organic-sleep-ritual-18-musliin-teekotikest","status":"publish","type":"product","link":"https:\/\/cha.ee\/en\/pood\/kusmi-organic-sleep-ritual-18-musliin-teekotikest\/","title":{"rendered":"Kusmi Sleep Ritual &#8211; 18 musliinist teekotti"},"content":{"rendered":"<p><a href=\"https:\/\/cha.ee\/kat\/kusmi-orgaanilised-pakiteed\/\" target=\"_blank\">Kusmi<\/a> Organic Sleep Ritual \u2013 sinu \u00f5htune rituaal rahulikuma une heaks. See mahe ja kofeiinivaba taimne segu \u00fchendab rooibose, sidrunmelissi ja verbeena rahustavad omadused ning mangonoodi pehme puuviljasuse. Tulemuseks on nauditav ja samas teadusp\u00f5hise t\u00f5hususega tee, mis aitab l\u00f5\u00f5gastuda ja valmistuda kosutavaks uneks.<\/p>\n<p>Selle joogi erip\u00e4ra peitub sidrunmelissi ekstraktis, mis on eriti rikas rosmariinhappest \u2013 looduslikust toimeainest, millel on teaduslikult t\u00f5estatud rahustav ja und soodustav m\u00f5ju. Kliinilised uuringud on n\u00e4idanud, et sidrunmeliss v\u00f5ib v\u00e4hendada \u00e4revust, l\u00fchendada uinumiseks kuluvat aega ja parandada une kvaliteeti.<\/p>\n<p>Miks see tee on sulle hea?<\/p>\n<p>Aitab l\u00fchendada uinumise aega ja parandada unekvaliteeti<\/p>\n<p>Toetab rahunemist ja v\u00e4hendab stressi<\/p>\n<p>Kofeiinivaba \u2013 ideaalne \u00f5htuseks joogiks<\/p>\n<p>Nauditav mangonoot lisab looduslikku magusust ja tasakaalu<\/p>\n<p>Valmistamine: kasuta 90 \u00b0C kuuma vett ja lase t\u00f5mmata 5 minutit. Parima tulemuse saavutamiseks naudi 2 tassit\u00e4it p\u00e4evas mitme n\u00e4dala jooksul.<\/p>\n<p>Koostisosad: rooibos* (70%), sidrunmelissi ekstrakt* (17%), sidrunmeliss* (4%), verbeena* (4%), looduslik mangomaitseaine (4%), taimset p\u00e4ritolu akaatsiakummi*, looduslik verbeena maitseaine. (*mahep\u00f5llumajandusest)<\/p>\n<p>Netokogus: 18 musliin teekotikest, 36g.<\/p>\n","protected":false},"excerpt":{"rendered":"<p>Kusmi Organic Sleep \u2013 18 musliin teekotikest<\/p>\n<p>Mahe rooibose, sidrunmelissi ja verbeena (<a href=\"https:\/\/et.wikipedia.org\/wiki\/Harilik_raud%C3%BCrt\" target=\"_blank\">raud\u00fcrt<\/a>) segu pehme mangonoodiga. Kofeiinivaba \u00f5htune rituaal, mis aitab rahuneda ja toetab kosutavat und.<\/p>\n<p>Valmistamine: kasuta 90 \u00b0C kuuma vett ja lase t\u00f5mmata 5 minutit.<\/p>\n<p>Koostisosad: rooibos* (70%), sidrunmelissi ekstrakt* (17%), sidrunmeliss* (4%), verbeena* (4%), looduslik mangomaitseaine (4%), taimset p\u00e4ritolu akaatsiakummi*, looduslik verbeena maitseaine. (*mahep\u00f5llumajandusest)<\/p>\n","protected":false},"featured_media":138316,"template":"","meta":[],"product_brand":[],"product_cat":[281],"product_tag":[],"class_list":{"0":"post-138315","1":"product","2":"type-product","3":"status-publish","4":"has-post-thumbnail","6":"product_cat-kusmi-orgaanilised-pakiteed","8":"first","9":"instock","10":"sale","11":"taxable","12":"shipping-taxable","13":"purchasable","14":"product-type-simple"},"yoast_head":"<!-- This site is optimized with the Yoast SEO Premium plugin v25.7.1 (Yoast SEO v27.6) - https:\/\/yoast.com\/product\/yoast-seo-premium-wordpress\/ -->\n<title>Kusmi Sleep Ritual - 18 musliinist teekotti | Cha<\/title>\n<meta name=\"description\" content=\"Kusmi Organic Sleep Ritual \u2013 rooibose, sidrunmelissi ja verbeena segu pehme mangonoodiga. Kofeiinivaba \u00f5htune rituaal, mis aitab rahuneda ja parandada und..\" \/>\n<meta name=\"robots\" content=\"index, follow, max-snippet:-1, max-image-preview:large, max-video-preview:-1\" \/>\n<link rel=\"canonical\" href=\"https:\/\/cha.ee\/en\/pood\/kusmi-organic-sleep-ritual-18-musliin-teekotikest\/\" \/>\n<meta property=\"og:locale\" content=\"en_US\" \/>\n<meta property=\"og:type\" content=\"article\" \/>\n<meta property=\"og:title\" content=\"Kusmi Sleep Ritual - 18 musliinist teekotti\" \/>\n<meta property=\"og:description\" content=\"Kusmi Organic Sleep Ritual \u2013 rooibose, sidrunmelissi ja verbeena segu pehme mangonoodiga. Kofeiinivaba \u00f5htune rituaal, mis aitab rahuneda ja parandada und..\" \/>\n<meta property=\"og:url\" content=\"https:\/\/cha.ee\/en\/pood\/kusmi-organic-sleep-ritual-18-musliin-teekotikest\/\" \/>\n<meta property=\"og:site_name\" content=\"Cha\" \/>\n<meta property=\"article:publisher\" content=\"https:\/\/www.facebook.com\/probiootiline\" \/>\n<meta property=\"article:modified_time\" content=\"2026-01-08T12:39:22+00:00\" \/>\n<meta property=\"og:image\" content=\"https:\/\/cha.ee\/wp-content\/uploads\/2025\/09\/8.jpg\" \/>\n\t<meta property=\"og:image:width\" content=\"2000\" \/>\n\t<meta property=\"og:image:height\" content=\"2000\" \/>\n\t<meta property=\"og:image:type\" content=\"image\/jpeg\" \/>\n<meta name=\"twitter:card\" content=\"summary_large_image\" \/>\n<meta name=\"twitter:label1\" content=\"Price\" \/>\n\t<meta name=\"twitter:data1\" content=\"7,90&nbsp;&euro;\" \/>\n\t<meta name=\"twitter:label2\" content=\"Availability\" \/>\n\t<meta name=\"twitter:data2\" content=\"In stock\" \/>\n<script type=\"application\/ld+json\" class=\"yoast-schema-graph\">{\"@context\":\"https:\\\/\\\/schema.org\",\"@graph\":[{\"@type\":\"WebPage\",\"@id\":\"https:\\\/\\\/cha.ee\\\/en\\\/pood\\\/kusmi-organic-sleep-ritual-18-musliin-teekotikest\\\/\",\"url\":\"https:\\\/\\\/cha.ee\\\/en\\\/pood\\\/kusmi-organic-sleep-ritual-18-musliin-teekotikest\\\/\",\"name\":\"Kusmi Sleep Ritual - 18 musliinist teekotti | Cha\",\"isPartOf\":{\"@id\":\"https:\\\/\\\/cha.ee\\\/en\\\/#website\"},\"primaryImageOfPage\":{\"@id\":\"https:\\\/\\\/cha.ee\\\/en\\\/pood\\\/kusmi-organic-sleep-ritual-18-musliin-teekotikest\\\/#primaryimage\"},\"image\":{\"@id\":\"https:\\\/\\\/cha.ee\\\/en\\\/pood\\\/kusmi-organic-sleep-ritual-18-musliin-teekotikest\\\/#primaryimage\"},\"thumbnailUrl\":\"https:\\\/\\\/cha.ee\\\/wp-content\\\/uploads\\\/2025\\\/09\\\/8.jpg\",\"datePublished\":\"2025-09-23T07:50:33+00:00\",\"dateModified\":\"2026-01-08T12:39:22+00:00\",\"description\":\"Kusmi Organic Sleep Ritual \u2013 rooibose, sidrunmelissi ja verbeena segu pehme mangonoodiga. Kofeiinivaba \u00f5htune rituaal, mis aitab rahuneda ja parandada und..\",\"breadcrumb\":{\"@id\":\"https:\\\/\\\/cha.ee\\\/en\\\/pood\\\/kusmi-organic-sleep-ritual-18-musliin-teekotikest\\\/#breadcrumb\"},\"inLanguage\":\"en-US\",\"potentialAction\":[{\"@type\":\"ReadAction\",\"target\":[\"https:\\\/\\\/cha.ee\\\/en\\\/pood\\\/kusmi-organic-sleep-ritual-18-musliin-teekotikest\\\/\"]}]},{\"@type\":\"ImageObject\",\"inLanguage\":\"en-US\",\"@id\":\"https:\\\/\\\/cha.ee\\\/en\\\/pood\\\/kusmi-organic-sleep-ritual-18-musliin-teekotikest\\\/#primaryimage\",\"url\":\"https:\\\/\\\/cha.ee\\\/wp-content\\\/uploads\\\/2025\\\/09\\\/8.jpg\",\"contentUrl\":\"https:\\\/\\\/cha.ee\\\/wp-content\\\/uploads\\\/2025\\\/09\\\/8.jpg\",\"width\":2000,\"height\":2000,\"caption\":\"Kusmi Sleep Ritual - 18 musliinist teekotti\"},{\"@type\":\"BreadcrumbList\",\"@id\":\"https:\\\/\\\/cha.ee\\\/en\\\/pood\\\/kusmi-organic-sleep-ritual-18-musliin-teekotikest\\\/#breadcrumb\",\"itemListElement\":[{\"@type\":\"ListItem\",\"position\":1,\"name\":\"Esileht\",\"item\":\"https:\\\/\\\/cha.ee\\\/en\\\/\"},{\"@type\":\"ListItem\",\"position\":2,\"name\":\"Shop at\",\"item\":\"https:\\\/\\\/cha.ee\\\/en\\\/shop-at\\\/\"},{\"@type\":\"ListItem\",\"position\":3,\"name\":\"Kusmi Sleep Ritual &#8211; 18 musliinist teekotti\"}]},{\"@type\":\"WebSite\",\"@id\":\"https:\\\/\\\/cha.ee\\\/en\\\/#website\",\"url\":\"https:\\\/\\\/cha.ee\\\/en\\\/\",\"name\":\"Cha\",\"description\":\"Organic Tea for All\",\"publisher\":{\"@id\":\"https:\\\/\\\/cha.ee\\\/en\\\/#organization\"},\"alternateName\":\"Pro&Bio\",\"potentialAction\":[{\"@type\":\"SearchAction\",\"target\":{\"@type\":\"EntryPoint\",\"urlTemplate\":\"https:\\\/\\\/cha.ee\\\/en\\\/?s={search_term_string}\"},\"query-input\":{\"@type\":\"PropertyValueSpecification\",\"valueRequired\":true,\"valueName\":\"search_term_string\"}}],\"inLanguage\":\"en-US\"},{\"@type\":\"Organization\",\"@id\":\"https:\\\/\\\/cha.ee\\\/en\\\/#organization\",\"name\":\"Probio Group O\u00dc\",\"alternateName\":\"Pro&Bio\",\"url\":\"https:\\\/\\\/cha.ee\\\/en\\\/\",\"logo\":{\"@type\":\"ImageObject\",\"inLanguage\":\"en-US\",\"@id\":\"https:\\\/\\\/cha.ee\\\/en\\\/#\\\/schema\\\/logo\\\/image\\\/\",\"url\":\"https:\\\/\\\/cha.ee\\\/wp-content\\\/uploads\\\/2024\\\/01\\\/Naomi-Goodwin-2-transparent.webp\",\"contentUrl\":\"https:\\\/\\\/cha.ee\\\/wp-content\\\/uploads\\\/2024\\\/01\\\/Naomi-Goodwin-2-transparent.webp\",\"width\":1986,\"height\":1966,\"caption\":\"Probio Group O\u00dc\"},\"image\":{\"@id\":\"https:\\\/\\\/cha.ee\\\/en\\\/#\\\/schema\\\/logo\\\/image\\\/\"},\"sameAs\":[\"https:\\\/\\\/www.facebook.com\\\/probiootiline\",\"https:\\\/\\\/www.instagram.com\\\/probiootiline\\\/\"]}]}<\/script>\n<meta property=\"product:price:amount\" content=\"7.90\" \/>\n<meta property=\"product:price:currency\" content=\"EUR\" \/>\n<meta property=\"og:availability\" content=\"instock\" \/>\n<meta property=\"product:availability\" content=\"instock\" \/>\n<meta property=\"product:condition\" content=\"new\" \/>\n<!-- \/ Yoast SEO Premium plugin. -->","yoast_head_json":{"title":"Kusmi Sleep Ritual - 18 musliinist teekotti | Cha","description":"Kusmi Organic Sleep Ritual \u2013 rooibose, sidrunmelissi ja verbeena segu pehme mangonoodiga. Kofeiinivaba \u00f5htune rituaal, mis aitab rahuneda ja parandada und..","robots":{"index":"index","follow":"follow","max-snippet":"max-snippet:-1","max-image-preview":"max-image-preview:large","max-video-preview":"max-video-preview:-1"},"canonical":"https:\/\/cha.ee\/en\/pood\/kusmi-organic-sleep-ritual-18-musliin-teekotikest\/","og_locale":"en_US","og_type":"article","og_title":"Kusmi Sleep Ritual - 18 musliinist teekotti","og_description":"Kusmi Organic Sleep Ritual \u2013 rooibose, sidrunmelissi ja verbeena segu pehme mangonoodiga. Kofeiinivaba \u00f5htune rituaal, mis aitab rahuneda ja parandada und..","og_url":"https:\/\/cha.ee\/en\/pood\/kusmi-organic-sleep-ritual-18-musliin-teekotikest\/","og_site_name":"Cha","article_publisher":"https:\/\/www.facebook.com\/probiootiline","article_modified_time":"2026-01-08T12:39:22+00:00","og_image":[{"width":2000,"height":2000,"url":"https:\/\/cha.ee\/wp-content\/uploads\/2025\/09\/8.jpg","type":"image\/jpeg"}],"twitter_card":"summary_large_image","twitter_misc":{"Price":"7,90&nbsp;&euro;","Availability":"In stock"},"schema":{"@context":"https:\/\/schema.org","@graph":[{"@type":"WebPage","@id":"https:\/\/cha.ee\/en\/pood\/kusmi-organic-sleep-ritual-18-musliin-teekotikest\/","url":"https:\/\/cha.ee\/en\/pood\/kusmi-organic-sleep-ritual-18-musliin-teekotikest\/","name":"Kusmi Sleep Ritual - 18 musliinist teekotti | Cha","isPartOf":{"@id":"https:\/\/cha.ee\/en\/#website"},"primaryImageOfPage":{"@id":"https:\/\/cha.ee\/en\/pood\/kusmi-organic-sleep-ritual-18-musliin-teekotikest\/#primaryimage"},"image":{"@id":"https:\/\/cha.ee\/en\/pood\/kusmi-organic-sleep-ritual-18-musliin-teekotikest\/#primaryimage"},"thumbnailUrl":"https:\/\/cha.ee\/wp-content\/uploads\/2025\/09\/8.jpg","datePublished":"2025-09-23T07:50:33+00:00","dateModified":"2026-01-08T12:39:22+00:00","description":"Kusmi Organic Sleep Ritual \u2013 rooibose, sidrunmelissi ja verbeena segu pehme mangonoodiga. Kofeiinivaba \u00f5htune rituaal, mis aitab rahuneda ja parandada und..","breadcrumb":{"@id":"https:\/\/cha.ee\/en\/pood\/kusmi-organic-sleep-ritual-18-musliin-teekotikest\/#breadcrumb"},"inLanguage":"en-US","potentialAction":[{"@type":"ReadAction","target":["https:\/\/cha.ee\/en\/pood\/kusmi-organic-sleep-ritual-18-musliin-teekotikest\/"]}]},{"@type":"ImageObject","inLanguage":"en-US","@id":"https:\/\/cha.ee\/en\/pood\/kusmi-organic-sleep-ritual-18-musliin-teekotikest\/#primaryimage","url":"https:\/\/cha.ee\/wp-content\/uploads\/2025\/09\/8.jpg","contentUrl":"https:\/\/cha.ee\/wp-content\/uploads\/2025\/09\/8.jpg","width":2000,"height":2000,"caption":"Kusmi Sleep Ritual - 18 musliinist teekotti"},{"@type":"BreadcrumbList","@id":"https:\/\/cha.ee\/en\/pood\/kusmi-organic-sleep-ritual-18-musliin-teekotikest\/#breadcrumb","itemListElement":[{"@type":"ListItem","position":1,"name":"Esileht","item":"https:\/\/cha.ee\/en\/"},{"@type":"ListItem","position":2,"name":"Shop at","item":"https:\/\/cha.ee\/en\/shop-at\/"},{"@type":"ListItem","position":3,"name":"Kusmi Sleep Ritual &#8211; 18 musliinist teekotti"}]},{"@type":"WebSite","@id":"https:\/\/cha.ee\/en\/#website","url":"https:\/\/cha.ee\/en\/","name":"Cha","description":"Organic Tea for All","publisher":{"@id":"https:\/\/cha.ee\/en\/#organization"},"alternateName":"Pro&Bio","potentialAction":[{"@type":"SearchAction","target":{"@type":"EntryPoint","urlTemplate":"https:\/\/cha.ee\/en\/?s={search_term_string}"},"query-input":{"@type":"PropertyValueSpecification","valueRequired":true,"valueName":"search_term_string"}}],"inLanguage":"en-US"},{"@type":"Organization","@id":"https:\/\/cha.ee\/en\/#organization","name":"Probio Group O\u00dc","alternateName":"Pro&Bio","url":"https:\/\/cha.ee\/en\/","logo":{"@type":"ImageObject","inLanguage":"en-US","@id":"https:\/\/cha.ee\/en\/#\/schema\/logo\/image\/","url":"https:\/\/cha.ee\/wp-content\/uploads\/2024\/01\/Naomi-Goodwin-2-transparent.webp","contentUrl":"https:\/\/cha.ee\/wp-content\/uploads\/2024\/01\/Naomi-Goodwin-2-transparent.webp","width":1986,"height":1966,"caption":"Probio Group O\u00dc"},"image":{"@id":"https:\/\/cha.ee\/en\/#\/schema\/logo\/image\/"},"sameAs":["https:\/\/www.facebook.com\/probiootiline","https:\/\/www.instagram.com\/probiootiline\/"]}]},"product_price_amount":"7.90","product_price_currency":"EUR","og_availability":"instock","product_availability":"instock","product_condition":"new"},"_links":{"self":[{"href":"https:\/\/cha.ee\/en\/wp-json\/wp\/v2\/product\/138315","targetHints":{"allow":["GET"]}}],"collection":[{"href":"https:\/\/cha.ee\/en\/wp-json\/wp\/v2\/product"}],"about":[{"href":"https:\/\/cha.ee\/en\/wp-json\/wp\/v2\/types\/product"}],"wp:featuredmedia":[{"embeddable":true,"href":"https:\/\/cha.ee\/en\/wp-json\/wp\/v2\/media\/138316"}],"wp:attachment":[{"href":"https:\/\/cha.ee\/en\/wp-json\/wp\/v2\/media?parent=138315"}],"wp:term":[{"taxonomy":"product_brand","embeddable":true,"href":"https:\/\/cha.ee\/en\/wp-json\/wp\/v2\/product_brand?post=138315"},{"taxonomy":"product_cat","embeddable":true,"href":"https:\/\/cha.ee\/en\/wp-json\/wp\/v2\/product_cat?post=138315"},{"taxonomy":"product_tag","embeddable":true,"href":"https:\/\/cha.ee\/en\/wp-json\/wp\/v2\/product_tag?post=138315"}],"curies":[{"name":"wp","href":"https:\/\/api.w.org\/{rel}","templated":true}]}}