{"id":138324,"date":"2025-09-23T11:23:20","date_gmt":"2025-09-23T08:23:20","guid":{"rendered":"https:\/\/cha.ee\/?post_type=product&#038;p=138324"},"modified":"2026-01-08T14:39:08","modified_gmt":"2026-01-08T12:39:08","slug":"kusmi-immune-defense-ritual-18-musliinist-teekotti","status":"publish","type":"product","link":"https:\/\/cha.ee\/en\/pood\/kusmi-immune-defense-ritual-18-musliinist-teekotti\/","title":{"rendered":"Kusmi Immune Defense Ritual &#8211; 18 musliinist teekotti"},"content":{"rendered":"<p>Kusmi <a href=\"https:\/\/cha.ee\/kat\/kusmi-orgaanilised-pakiteed\/\" target=\"_blank\">Slim Ritual<\/a> \u2013 Immune Defense on vitamiinirikas orgaaniline segu matest, rohelisest teest ja acerola kirssidest, mis toetab sinu immuuns\u00fcsteemi ning aitab hoida eluj\u00f5udu ka keerukamatel aegadel. V\u00e4rske troopiliste viljade, apelsini ja musts\u00f5stra nootidega tee \u00fchendab loodusliku naudingulisuse ja teaduslikult t\u00f5estatud kasulikkuse.<\/p>\n<p>Selle joogi saladus peitub acerola kirsis \u2013 \u00fches parimas looduslikus C-vitamiini allikas. T\u00e4nu uuenduslikule tootmisprotsessile on mat\u00e9 rikastatud just \u00f5iges koguses acerola ekstraktiga, et tagada p\u00e4evane C-vitamiini vajadus. 3 tassit\u00e4it p\u00e4evas annavad 100% soovitatavast p\u00e4evanormist, toetades immuuns\u00fcsteemi, v\u00e4hendades v\u00e4simust ning aidates kehal paremini viirustele ja bakteritele vastu seista.<\/p>\n<p>Miks see tee on sulle hea?<br \/>\nRikas loodusliku C-vitamiini poolest acerola kirssidest<br \/>\nToetab immuuns\u00fcsteemi normaalset talitlust<br \/>\nAitab v\u00e4hendada v\u00e4simust ja hoida eluj\u00f5udu<br \/>\nKofeiinisisaldus matest ja rohelisest teest annab energiat ja tasakaalu<br \/>\nNauditav troopiliselt puuviljane maitse, mida on lihtne igap\u00e4evasesse rutiini lisada<\/p>\n<p>Immune Defense Ritual sobib joomiseks nii igap\u00e4evaselt kui ka perioodidel, mil keha vajab lisatuge. Parimate tulemuste saavutamiseks naudi v\u00e4hemalt 3 tassi p\u00e4evas v\u00e4hemalt nelja n\u00e4dala jooksul.<\/p>\n<p>Valmistamine: kasuta 85 \u00b0C kuuma vett ja lase t\u00f5mmata 3 minutit.<\/p>\n<p>Koostisosad: mat\u00e9* (53%), roheline tee* (17%), acerola kirsi ekstrakt* (15%), looduslik troopiline puuviljamaitseaine (4%), looduslik musts\u00f5stramaitseaine*, taimset p\u00e4ritolu akaatsiakummi* ja naatriumalginaat, looduslik mangomaitseaine, looduslik apelsinimaitseaine*. (*mahep\u00f5llumajandusest)<\/p>\n<p>Netokogus: 18 musliin teekotti (36 g).<\/p>\n","protected":false},"excerpt":{"rendered":"<p>Kusmi Slim Ritual \u2013 Immune Defense, 18 musliin teekotti (36 g)<\/p>\n<p><a href=\"https:\/\/et.wikipedia.org\/wiki\/Mate\" target=\"_blank\">Mate<\/a> ja roheline tee, rikastatud acerola kirsi loodusliku C-vitamiiniga. Troopilise puuvilja ja apelsini nootidega orgaaniline segu, mis toetab immuuns\u00fcsteemi ja aitab hoida eluj\u00f5udu.<\/p>\n<p>Valmistamine: kasuta 85 \u00b0C kuuma vett ja lase t\u00f5mmata 3 minutit.<\/p>\n<p>Koostisosad: mat\u00e9* (53%), roheline tee* (17%), acerola kirsi ekstrakt* (15%), looduslik troopiline puuviljamaitseaine (4%), looduslik musts\u00f5stramaitseaine*, taimset p\u00e4ritolu akaatsiakummi* ja naatriumalginaat, looduslik mangomaitseaine, looduslik apelsinimaitseaine*. (*mahep\u00f5llumajandusest)<\/p>\n","protected":false},"featured_media":138325,"template":"","meta":[],"product_brand":[],"product_cat":[281],"product_tag":[],"class_list":{"0":"post-138324","1":"product","2":"type-product","3":"status-publish","4":"has-post-thumbnail","6":"product_cat-kusmi-orgaanilised-pakiteed","8":"first","9":"instock","10":"sale","11":"taxable","12":"shipping-taxable","13":"purchasable","14":"product-type-simple"},"yoast_head":"<!-- This site is optimized with the Yoast SEO Premium plugin v25.7.1 (Yoast SEO v27.6) - https:\/\/yoast.com\/product\/yoast-seo-premium-wordpress\/ -->\n<title>Kusmi Immune Defense Ritual - 18 musliinist teekotti | Cha<\/title>\n<meta name=\"description\" content=\"Kusmi Slim Ritual Immune Defense \u2013 mat\u00e9, roheline tee ja acerola kirss. Looduslik C-vitamiini allikas, mis toetab immuunsust ja aitab hoida eluj\u00f5udu.\" \/>\n<meta name=\"robots\" content=\"index, follow, max-snippet:-1, max-image-preview:large, max-video-preview:-1\" \/>\n<link rel=\"canonical\" href=\"https:\/\/cha.ee\/en\/pood\/kusmi-immune-defense-ritual-18-musliinist-teekotti\/\" \/>\n<meta property=\"og:locale\" content=\"en_US\" \/>\n<meta property=\"og:type\" content=\"article\" \/>\n<meta property=\"og:title\" content=\"Kusmi Immune Defense Ritual - 18 musliinist teekotti\" \/>\n<meta property=\"og:description\" content=\"Kusmi Slim Ritual Immune Defense \u2013 mat\u00e9, roheline tee ja acerola kirss. Looduslik C-vitamiini allikas, mis toetab immuunsust ja aitab hoida eluj\u00f5udu.\" \/>\n<meta property=\"og:url\" content=\"https:\/\/cha.ee\/en\/pood\/kusmi-immune-defense-ritual-18-musliinist-teekotti\/\" \/>\n<meta property=\"og:site_name\" content=\"Cha\" \/>\n<meta property=\"article:publisher\" content=\"https:\/\/www.facebook.com\/probiootiline\" \/>\n<meta property=\"article:modified_time\" content=\"2026-01-08T12:39:08+00:00\" \/>\n<meta property=\"og:image\" content=\"https:\/\/cha.ee\/wp-content\/uploads\/2025\/09\/Kusmi-purgid-RUUT-2.jpg\" \/>\n\t<meta property=\"og:image:width\" content=\"2000\" \/>\n\t<meta property=\"og:image:height\" content=\"2000\" \/>\n\t<meta property=\"og:image:type\" content=\"image\/jpeg\" \/>\n<meta name=\"twitter:card\" content=\"summary_large_image\" \/>\n<meta name=\"twitter:label1\" content=\"Price\" \/>\n\t<meta name=\"twitter:data1\" content=\"7,90&nbsp;&euro;\" \/>\n\t<meta name=\"twitter:label2\" content=\"Availability\" \/>\n\t<meta name=\"twitter:data2\" content=\"In stock\" \/>\n<script type=\"application\/ld+json\" class=\"yoast-schema-graph\">{\"@context\":\"https:\\\/\\\/schema.org\",\"@graph\":[{\"@type\":\"WebPage\",\"@id\":\"https:\\\/\\\/cha.ee\\\/en\\\/pood\\\/kusmi-immune-defense-ritual-18-musliinist-teekotti\\\/\",\"url\":\"https:\\\/\\\/cha.ee\\\/en\\\/pood\\\/kusmi-immune-defense-ritual-18-musliinist-teekotti\\\/\",\"name\":\"Kusmi Immune Defense Ritual - 18 musliinist teekotti | Cha\",\"isPartOf\":{\"@id\":\"https:\\\/\\\/cha.ee\\\/en\\\/#website\"},\"primaryImageOfPage\":{\"@id\":\"https:\\\/\\\/cha.ee\\\/en\\\/pood\\\/kusmi-immune-defense-ritual-18-musliinist-teekotti\\\/#primaryimage\"},\"image\":{\"@id\":\"https:\\\/\\\/cha.ee\\\/en\\\/pood\\\/kusmi-immune-defense-ritual-18-musliinist-teekotti\\\/#primaryimage\"},\"thumbnailUrl\":\"https:\\\/\\\/cha.ee\\\/wp-content\\\/uploads\\\/2025\\\/09\\\/Kusmi-purgid-RUUT-2.jpg\",\"datePublished\":\"2025-09-23T08:23:20+00:00\",\"dateModified\":\"2026-01-08T12:39:08+00:00\",\"description\":\"Kusmi Slim Ritual Immune Defense \u2013 mat\u00e9, roheline tee ja acerola kirss. Looduslik C-vitamiini allikas, mis toetab immuunsust ja aitab hoida eluj\u00f5udu.\",\"breadcrumb\":{\"@id\":\"https:\\\/\\\/cha.ee\\\/en\\\/pood\\\/kusmi-immune-defense-ritual-18-musliinist-teekotti\\\/#breadcrumb\"},\"inLanguage\":\"en-US\",\"potentialAction\":[{\"@type\":\"ReadAction\",\"target\":[\"https:\\\/\\\/cha.ee\\\/en\\\/pood\\\/kusmi-immune-defense-ritual-18-musliinist-teekotti\\\/\"]}]},{\"@type\":\"ImageObject\",\"inLanguage\":\"en-US\",\"@id\":\"https:\\\/\\\/cha.ee\\\/en\\\/pood\\\/kusmi-immune-defense-ritual-18-musliinist-teekotti\\\/#primaryimage\",\"url\":\"https:\\\/\\\/cha.ee\\\/wp-content\\\/uploads\\\/2025\\\/09\\\/Kusmi-purgid-RUUT-2.jpg\",\"contentUrl\":\"https:\\\/\\\/cha.ee\\\/wp-content\\\/uploads\\\/2025\\\/09\\\/Kusmi-purgid-RUUT-2.jpg\",\"width\":2000,\"height\":2000},{\"@type\":\"BreadcrumbList\",\"@id\":\"https:\\\/\\\/cha.ee\\\/en\\\/pood\\\/kusmi-immune-defense-ritual-18-musliinist-teekotti\\\/#breadcrumb\",\"itemListElement\":[{\"@type\":\"ListItem\",\"position\":1,\"name\":\"Esileht\",\"item\":\"https:\\\/\\\/cha.ee\\\/en\\\/\"},{\"@type\":\"ListItem\",\"position\":2,\"name\":\"Shop at\",\"item\":\"https:\\\/\\\/cha.ee\\\/en\\\/shop-at\\\/\"},{\"@type\":\"ListItem\",\"position\":3,\"name\":\"Kusmi Immune Defense Ritual &#8211; 18 musliinist teekotti\"}]},{\"@type\":\"WebSite\",\"@id\":\"https:\\\/\\\/cha.ee\\\/en\\\/#website\",\"url\":\"https:\\\/\\\/cha.ee\\\/en\\\/\",\"name\":\"Cha\",\"description\":\"Organic Tea for All\",\"publisher\":{\"@id\":\"https:\\\/\\\/cha.ee\\\/en\\\/#organization\"},\"alternateName\":\"Pro&Bio\",\"potentialAction\":[{\"@type\":\"SearchAction\",\"target\":{\"@type\":\"EntryPoint\",\"urlTemplate\":\"https:\\\/\\\/cha.ee\\\/en\\\/?s={search_term_string}\"},\"query-input\":{\"@type\":\"PropertyValueSpecification\",\"valueRequired\":true,\"valueName\":\"search_term_string\"}}],\"inLanguage\":\"en-US\"},{\"@type\":\"Organization\",\"@id\":\"https:\\\/\\\/cha.ee\\\/en\\\/#organization\",\"name\":\"Probio Group O\u00dc\",\"alternateName\":\"Pro&Bio\",\"url\":\"https:\\\/\\\/cha.ee\\\/en\\\/\",\"logo\":{\"@type\":\"ImageObject\",\"inLanguage\":\"en-US\",\"@id\":\"https:\\\/\\\/cha.ee\\\/en\\\/#\\\/schema\\\/logo\\\/image\\\/\",\"url\":\"https:\\\/\\\/cha.ee\\\/wp-content\\\/uploads\\\/2024\\\/01\\\/Naomi-Goodwin-2-transparent.webp\",\"contentUrl\":\"https:\\\/\\\/cha.ee\\\/wp-content\\\/uploads\\\/2024\\\/01\\\/Naomi-Goodwin-2-transparent.webp\",\"width\":1986,\"height\":1966,\"caption\":\"Probio Group O\u00dc\"},\"image\":{\"@id\":\"https:\\\/\\\/cha.ee\\\/en\\\/#\\\/schema\\\/logo\\\/image\\\/\"},\"sameAs\":[\"https:\\\/\\\/www.facebook.com\\\/probiootiline\",\"https:\\\/\\\/www.instagram.com\\\/probiootiline\\\/\"]}]}<\/script>\n<meta property=\"product:price:amount\" content=\"7.90\" \/>\n<meta property=\"product:price:currency\" content=\"EUR\" \/>\n<meta property=\"og:availability\" content=\"instock\" \/>\n<meta property=\"product:availability\" content=\"instock\" \/>\n<meta property=\"product:condition\" content=\"new\" \/>\n<!-- \/ Yoast SEO Premium plugin. -->","yoast_head_json":{"title":"Kusmi Immune Defense Ritual - 18 musliinist teekotti | Cha","description":"Kusmi Slim Ritual Immune Defense \u2013 mat\u00e9, roheline tee ja acerola kirss. Looduslik C-vitamiini allikas, mis toetab immuunsust ja aitab hoida eluj\u00f5udu.","robots":{"index":"index","follow":"follow","max-snippet":"max-snippet:-1","max-image-preview":"max-image-preview:large","max-video-preview":"max-video-preview:-1"},"canonical":"https:\/\/cha.ee\/en\/pood\/kusmi-immune-defense-ritual-18-musliinist-teekotti\/","og_locale":"en_US","og_type":"article","og_title":"Kusmi Immune Defense Ritual - 18 musliinist teekotti","og_description":"Kusmi Slim Ritual Immune Defense \u2013 mat\u00e9, roheline tee ja acerola kirss. Looduslik C-vitamiini allikas, mis toetab immuunsust ja aitab hoida eluj\u00f5udu.","og_url":"https:\/\/cha.ee\/en\/pood\/kusmi-immune-defense-ritual-18-musliinist-teekotti\/","og_site_name":"Cha","article_publisher":"https:\/\/www.facebook.com\/probiootiline","article_modified_time":"2026-01-08T12:39:08+00:00","og_image":[{"width":2000,"height":2000,"url":"https:\/\/cha.ee\/wp-content\/uploads\/2025\/09\/Kusmi-purgid-RUUT-2.jpg","type":"image\/jpeg"}],"twitter_card":"summary_large_image","twitter_misc":{"Price":"7,90&nbsp;&euro;","Availability":"In stock"},"schema":{"@context":"https:\/\/schema.org","@graph":[{"@type":"WebPage","@id":"https:\/\/cha.ee\/en\/pood\/kusmi-immune-defense-ritual-18-musliinist-teekotti\/","url":"https:\/\/cha.ee\/en\/pood\/kusmi-immune-defense-ritual-18-musliinist-teekotti\/","name":"Kusmi Immune Defense Ritual - 18 musliinist teekotti | Cha","isPartOf":{"@id":"https:\/\/cha.ee\/en\/#website"},"primaryImageOfPage":{"@id":"https:\/\/cha.ee\/en\/pood\/kusmi-immune-defense-ritual-18-musliinist-teekotti\/#primaryimage"},"image":{"@id":"https:\/\/cha.ee\/en\/pood\/kusmi-immune-defense-ritual-18-musliinist-teekotti\/#primaryimage"},"thumbnailUrl":"https:\/\/cha.ee\/wp-content\/uploads\/2025\/09\/Kusmi-purgid-RUUT-2.jpg","datePublished":"2025-09-23T08:23:20+00:00","dateModified":"2026-01-08T12:39:08+00:00","description":"Kusmi Slim Ritual Immune Defense \u2013 mat\u00e9, roheline tee ja acerola kirss. Looduslik C-vitamiini allikas, mis toetab immuunsust ja aitab hoida eluj\u00f5udu.","breadcrumb":{"@id":"https:\/\/cha.ee\/en\/pood\/kusmi-immune-defense-ritual-18-musliinist-teekotti\/#breadcrumb"},"inLanguage":"en-US","potentialAction":[{"@type":"ReadAction","target":["https:\/\/cha.ee\/en\/pood\/kusmi-immune-defense-ritual-18-musliinist-teekotti\/"]}]},{"@type":"ImageObject","inLanguage":"en-US","@id":"https:\/\/cha.ee\/en\/pood\/kusmi-immune-defense-ritual-18-musliinist-teekotti\/#primaryimage","url":"https:\/\/cha.ee\/wp-content\/uploads\/2025\/09\/Kusmi-purgid-RUUT-2.jpg","contentUrl":"https:\/\/cha.ee\/wp-content\/uploads\/2025\/09\/Kusmi-purgid-RUUT-2.jpg","width":2000,"height":2000},{"@type":"BreadcrumbList","@id":"https:\/\/cha.ee\/en\/pood\/kusmi-immune-defense-ritual-18-musliinist-teekotti\/#breadcrumb","itemListElement":[{"@type":"ListItem","position":1,"name":"Esileht","item":"https:\/\/cha.ee\/en\/"},{"@type":"ListItem","position":2,"name":"Shop at","item":"https:\/\/cha.ee\/en\/shop-at\/"},{"@type":"ListItem","position":3,"name":"Kusmi Immune Defense Ritual &#8211; 18 musliinist teekotti"}]},{"@type":"WebSite","@id":"https:\/\/cha.ee\/en\/#website","url":"https:\/\/cha.ee\/en\/","name":"Cha","description":"Organic Tea for All","publisher":{"@id":"https:\/\/cha.ee\/en\/#organization"},"alternateName":"Pro&Bio","potentialAction":[{"@type":"SearchAction","target":{"@type":"EntryPoint","urlTemplate":"https:\/\/cha.ee\/en\/?s={search_term_string}"},"query-input":{"@type":"PropertyValueSpecification","valueRequired":true,"valueName":"search_term_string"}}],"inLanguage":"en-US"},{"@type":"Organization","@id":"https:\/\/cha.ee\/en\/#organization","name":"Probio Group O\u00dc","alternateName":"Pro&Bio","url":"https:\/\/cha.ee\/en\/","logo":{"@type":"ImageObject","inLanguage":"en-US","@id":"https:\/\/cha.ee\/en\/#\/schema\/logo\/image\/","url":"https:\/\/cha.ee\/wp-content\/uploads\/2024\/01\/Naomi-Goodwin-2-transparent.webp","contentUrl":"https:\/\/cha.ee\/wp-content\/uploads\/2024\/01\/Naomi-Goodwin-2-transparent.webp","width":1986,"height":1966,"caption":"Probio Group O\u00dc"},"image":{"@id":"https:\/\/cha.ee\/en\/#\/schema\/logo\/image\/"},"sameAs":["https:\/\/www.facebook.com\/probiootiline","https:\/\/www.instagram.com\/probiootiline\/"]}]},"product_price_amount":"7.90","product_price_currency":"EUR","og_availability":"instock","product_availability":"instock","product_condition":"new"},"_links":{"self":[{"href":"https:\/\/cha.ee\/en\/wp-json\/wp\/v2\/product\/138324","targetHints":{"allow":["GET"]}}],"collection":[{"href":"https:\/\/cha.ee\/en\/wp-json\/wp\/v2\/product"}],"about":[{"href":"https:\/\/cha.ee\/en\/wp-json\/wp\/v2\/types\/product"}],"wp:featuredmedia":[{"embeddable":true,"href":"https:\/\/cha.ee\/en\/wp-json\/wp\/v2\/media\/138325"}],"wp:attachment":[{"href":"https:\/\/cha.ee\/en\/wp-json\/wp\/v2\/media?parent=138324"}],"wp:term":[{"taxonomy":"product_brand","embeddable":true,"href":"https:\/\/cha.ee\/en\/wp-json\/wp\/v2\/product_brand?post=138324"},{"taxonomy":"product_cat","embeddable":true,"href":"https:\/\/cha.ee\/en\/wp-json\/wp\/v2\/product_cat?post=138324"},{"taxonomy":"product_tag","embeddable":true,"href":"https:\/\/cha.ee\/en\/wp-json\/wp\/v2\/product_tag?post=138324"}],"curies":[{"name":"wp","href":"https:\/\/api.w.org\/{rel}","templated":true}]}}