{"id":138346,"date":"2025-10-14T14:47:35","date_gmt":"2025-10-14T11:47:35","guid":{"rendered":"https:\/\/cha.ee\/?post_type=product&#038;p=138346"},"modified":"2026-01-08T15:08:29","modified_gmt":"2026-01-08T13:08:29","slug":"tee-kusmi-white-bellini-90g","status":"publish","type":"product","link":"https:\/\/cha.ee\/en\/pood\/tee-kusmi-white-bellini-90g\/","title":{"rendered":"Tee Kusmi White Bellini 90g"},"content":{"rendered":"<p>Kusmi White Bellini \u2013 mahe valge tee virsiku ja aprikoosiga, 90 g<\/p>\n<p>Naudi pidulikku meeleolu igas tassit\u00e4ies! White Bellini on \u00f5rn ja peen orgaaniline valge tee, millele annavad lopsakat maitset mahlane virsik ja siidine aprikoos. See on teeversioon kuulsast Veneetsia kokteilist Bellini \u2013 kergelt puuviljane, s\u00e4rav ja samas pehmelt elegantne.<\/p>\n<p>Valge tee on k\u00f5igist teedest k\u00f5ige \u00f5rnem \u2013 valmistatud vaid noorimatest pungadest, mis annavad joogile \u00f5hulise ja pehme maitse. Virsiku ja aprikoosi magusad noodid sulanduvad t\u00e4iuslikult selle puhta ja kergelt taimse iseloomuga, luues maitseelamuse, mis on korraga v\u00e4rskendav ja unistavalt luksuslik.<\/p>\n<p>See on tee, mida saab nautida igal ajal \u2013 nii kuumalt hommikuseks hellituseks kui ka j\u00e4\u00e4teena suviseks l\u00f5\u00f5gastuseks. Kusmi White Bellini on kui l\u00f5putu brunch p\u00e4ikselisel terrassil \u2013 kerge, r\u00f5\u00f5mus ja t\u00e4is elu.<\/p>\n<p>Valmistamine: kasuta 70 \u00b0C kuuma vett ja lase t\u00f5mmata 3 minutit.<\/p>\n<p>Koostisosad: valge tee* (68%), roheline tee* (27%), looduslik virsiku- ja aprikoosimaitseaine (5%). (*mahep\u00f5llumajandusest)<br \/>\nNetokogus: 90 g.<\/p>\n","protected":false},"excerpt":{"rendered":"<p>Kusmi White Bellini \u2013 mahe valge <a href=\"https:\/\/www.facebook.com\/ChaTeaForAll\" target=\"_blank\">tee<\/a> virsiku ja aprikoosiga, 90 g<\/p>\n<p>\u00d5rn ja puuviljane valge tee, mille maitse toob meelde suvise Bellini kokteili \u2013 mahlane virsik, siidine aprikoos ja valge tee pehmus t\u00e4iuslikus harmoonias.<\/p>\n<p>Valmistamine: kasuta 70 \u00b0C kuuma vett ja lase t\u00f5mmata 3 minutit.<br \/>\nKoostisosad: valge tee* (68%), roheline tee* (27%), looduslik virsiku- ja aprikoosimaitseaine (5%). (*mahep\u00f5llumajandusest)<\/p>\n","protected":false},"featured_media":138347,"template":"","meta":[],"product_brand":[],"product_cat":[276],"product_tag":[],"class_list":{"0":"post-138346","1":"product","2":"type-product","3":"status-publish","4":"has-post-thumbnail","6":"product_cat-kusmi-orgaanilised-puruteed","8":"first","9":"instock","10":"taxable","11":"shipping-taxable","12":"purchasable","13":"product-type-simple"},"yoast_head":"<!-- This site is optimized with the Yoast SEO Premium plugin v25.7.1 (Yoast SEO v27.4) - https:\/\/yoast.com\/product\/yoast-seo-premium-wordpress\/ -->\n<title>Tee Kusmi White Bellini 90g | Cha<\/title>\n<meta name=\"description\" content=\"Kusmi White Bellini \u2013 \u00f5rn ja puuviljane valge tee virsiku ja aprikoosiga. Pehme ja mahe orgaaniline tee, mis toob tassit\u00e4ie suvist kergust ja elegantsi.\" \/>\n<meta name=\"robots\" content=\"index, follow, max-snippet:-1, max-image-preview:large, max-video-preview:-1\" \/>\n<link rel=\"canonical\" href=\"https:\/\/cha.ee\/en\/pood\/tee-kusmi-white-bellini-90g\/\" \/>\n<meta property=\"og:locale\" content=\"en_US\" \/>\n<meta property=\"og:type\" content=\"article\" \/>\n<meta property=\"og:title\" content=\"Tee Kusmi White Bellini 90g\" \/>\n<meta property=\"og:description\" content=\"Kusmi White Bellini \u2013 \u00f5rn ja puuviljane valge tee virsiku ja aprikoosiga. Pehme ja mahe orgaaniline tee, mis toob tassit\u00e4ie suvist kergust ja elegantsi.\" \/>\n<meta property=\"og:url\" content=\"https:\/\/cha.ee\/en\/pood\/tee-kusmi-white-bellini-90g\/\" \/>\n<meta property=\"og:site_name\" content=\"Cha\" \/>\n<meta property=\"article:publisher\" content=\"https:\/\/www.facebook.com\/probiootiline\" \/>\n<meta property=\"article:modified_time\" content=\"2026-01-08T13:08:29+00:00\" \/>\n<meta property=\"og:image\" content=\"https:\/\/cha.ee\/wp-content\/uploads\/2025\/10\/Kusmi-purgid-RUUT-7.jpg\" \/>\n\t<meta property=\"og:image:width\" content=\"2000\" \/>\n\t<meta property=\"og:image:height\" content=\"2000\" \/>\n\t<meta property=\"og:image:type\" content=\"image\/jpeg\" \/>\n<meta name=\"twitter:card\" content=\"summary_large_image\" \/>\n<meta name=\"twitter:label1\" content=\"Price\" \/>\n\t<meta name=\"twitter:data1\" content=\"19,90&nbsp;&euro;\" \/>\n\t<meta name=\"twitter:label2\" content=\"Availability\" \/>\n\t<meta name=\"twitter:data2\" content=\"In stock\" \/>\n<script type=\"application\/ld+json\" class=\"yoast-schema-graph\">{\"@context\":\"https:\\\/\\\/schema.org\",\"@graph\":[{\"@type\":\"WebPage\",\"@id\":\"https:\\\/\\\/cha.ee\\\/en\\\/pood\\\/tee-kusmi-white-bellini-90g\\\/\",\"url\":\"https:\\\/\\\/cha.ee\\\/en\\\/pood\\\/tee-kusmi-white-bellini-90g\\\/\",\"name\":\"Tee Kusmi White Bellini 90g | Cha\",\"isPartOf\":{\"@id\":\"https:\\\/\\\/cha.ee\\\/en\\\/#website\"},\"primaryImageOfPage\":{\"@id\":\"https:\\\/\\\/cha.ee\\\/en\\\/pood\\\/tee-kusmi-white-bellini-90g\\\/#primaryimage\"},\"image\":{\"@id\":\"https:\\\/\\\/cha.ee\\\/en\\\/pood\\\/tee-kusmi-white-bellini-90g\\\/#primaryimage\"},\"thumbnailUrl\":\"https:\\\/\\\/cha.ee\\\/wp-content\\\/uploads\\\/2025\\\/10\\\/Kusmi-purgid-RUUT-7.jpg\",\"datePublished\":\"2025-10-14T11:47:35+00:00\",\"dateModified\":\"2026-01-08T13:08:29+00:00\",\"description\":\"Kusmi White Bellini \u2013 \u00f5rn ja puuviljane valge tee virsiku ja aprikoosiga. Pehme ja mahe orgaaniline tee, mis toob tassit\u00e4ie suvist kergust ja elegantsi.\",\"breadcrumb\":{\"@id\":\"https:\\\/\\\/cha.ee\\\/en\\\/pood\\\/tee-kusmi-white-bellini-90g\\\/#breadcrumb\"},\"inLanguage\":\"en-US\",\"potentialAction\":[{\"@type\":\"ReadAction\",\"target\":[\"https:\\\/\\\/cha.ee\\\/en\\\/pood\\\/tee-kusmi-white-bellini-90g\\\/\"]}]},{\"@type\":\"ImageObject\",\"inLanguage\":\"en-US\",\"@id\":\"https:\\\/\\\/cha.ee\\\/en\\\/pood\\\/tee-kusmi-white-bellini-90g\\\/#primaryimage\",\"url\":\"https:\\\/\\\/cha.ee\\\/wp-content\\\/uploads\\\/2025\\\/10\\\/Kusmi-purgid-RUUT-7.jpg\",\"contentUrl\":\"https:\\\/\\\/cha.ee\\\/wp-content\\\/uploads\\\/2025\\\/10\\\/Kusmi-purgid-RUUT-7.jpg\",\"width\":2000,\"height\":2000},{\"@type\":\"BreadcrumbList\",\"@id\":\"https:\\\/\\\/cha.ee\\\/en\\\/pood\\\/tee-kusmi-white-bellini-90g\\\/#breadcrumb\",\"itemListElement\":[{\"@type\":\"ListItem\",\"position\":1,\"name\":\"Esileht\",\"item\":\"https:\\\/\\\/cha.ee\\\/en\\\/\"},{\"@type\":\"ListItem\",\"position\":2,\"name\":\"Shop at\",\"item\":\"https:\\\/\\\/cha.ee\\\/en\\\/shop-at\\\/\"},{\"@type\":\"ListItem\",\"position\":3,\"name\":\"Tee Kusmi White Bellini 90g\"}]},{\"@type\":\"WebSite\",\"@id\":\"https:\\\/\\\/cha.ee\\\/en\\\/#website\",\"url\":\"https:\\\/\\\/cha.ee\\\/en\\\/\",\"name\":\"Cha\",\"description\":\"Organic Tea for All\",\"publisher\":{\"@id\":\"https:\\\/\\\/cha.ee\\\/en\\\/#organization\"},\"alternateName\":\"Pro&Bio\",\"potentialAction\":[{\"@type\":\"SearchAction\",\"target\":{\"@type\":\"EntryPoint\",\"urlTemplate\":\"https:\\\/\\\/cha.ee\\\/en\\\/?s={search_term_string}\"},\"query-input\":{\"@type\":\"PropertyValueSpecification\",\"valueRequired\":true,\"valueName\":\"search_term_string\"}}],\"inLanguage\":\"en-US\"},{\"@type\":\"Organization\",\"@id\":\"https:\\\/\\\/cha.ee\\\/en\\\/#organization\",\"name\":\"Probio Group O\u00dc\",\"alternateName\":\"Pro&Bio\",\"url\":\"https:\\\/\\\/cha.ee\\\/en\\\/\",\"logo\":{\"@type\":\"ImageObject\",\"inLanguage\":\"en-US\",\"@id\":\"https:\\\/\\\/cha.ee\\\/en\\\/#\\\/schema\\\/logo\\\/image\\\/\",\"url\":\"https:\\\/\\\/cha.ee\\\/wp-content\\\/uploads\\\/2024\\\/01\\\/Naomi-Goodwin-2-transparent.webp\",\"contentUrl\":\"https:\\\/\\\/cha.ee\\\/wp-content\\\/uploads\\\/2024\\\/01\\\/Naomi-Goodwin-2-transparent.webp\",\"width\":1986,\"height\":1966,\"caption\":\"Probio Group O\u00dc\"},\"image\":{\"@id\":\"https:\\\/\\\/cha.ee\\\/en\\\/#\\\/schema\\\/logo\\\/image\\\/\"},\"sameAs\":[\"https:\\\/\\\/www.facebook.com\\\/probiootiline\",\"https:\\\/\\\/www.instagram.com\\\/probiootiline\\\/\"]}]}<\/script>\n<meta property=\"product:price:amount\" content=\"19.90\" \/>\n<meta property=\"product:price:currency\" content=\"EUR\" \/>\n<meta property=\"og:availability\" content=\"instock\" \/>\n<meta property=\"product:availability\" content=\"instock\" \/>\n<meta property=\"product:condition\" content=\"new\" \/>\n<!-- \/ Yoast SEO Premium plugin. -->","yoast_head_json":{"title":"Tee Kusmi White Bellini 90g | Cha","description":"Kusmi White Bellini \u2013 \u00f5rn ja puuviljane valge tee virsiku ja aprikoosiga. Pehme ja mahe orgaaniline tee, mis toob tassit\u00e4ie suvist kergust ja elegantsi.","robots":{"index":"index","follow":"follow","max-snippet":"max-snippet:-1","max-image-preview":"max-image-preview:large","max-video-preview":"max-video-preview:-1"},"canonical":"https:\/\/cha.ee\/en\/pood\/tee-kusmi-white-bellini-90g\/","og_locale":"en_US","og_type":"article","og_title":"Tee Kusmi White Bellini 90g","og_description":"Kusmi White Bellini \u2013 \u00f5rn ja puuviljane valge tee virsiku ja aprikoosiga. Pehme ja mahe orgaaniline tee, mis toob tassit\u00e4ie suvist kergust ja elegantsi.","og_url":"https:\/\/cha.ee\/en\/pood\/tee-kusmi-white-bellini-90g\/","og_site_name":"Cha","article_publisher":"https:\/\/www.facebook.com\/probiootiline","article_modified_time":"2026-01-08T13:08:29+00:00","og_image":[{"width":2000,"height":2000,"url":"https:\/\/cha.ee\/wp-content\/uploads\/2025\/10\/Kusmi-purgid-RUUT-7.jpg","type":"image\/jpeg"}],"twitter_card":"summary_large_image","twitter_misc":{"Price":"19,90&nbsp;&euro;","Availability":"In stock"},"schema":{"@context":"https:\/\/schema.org","@graph":[{"@type":"WebPage","@id":"https:\/\/cha.ee\/en\/pood\/tee-kusmi-white-bellini-90g\/","url":"https:\/\/cha.ee\/en\/pood\/tee-kusmi-white-bellini-90g\/","name":"Tee Kusmi White Bellini 90g | Cha","isPartOf":{"@id":"https:\/\/cha.ee\/en\/#website"},"primaryImageOfPage":{"@id":"https:\/\/cha.ee\/en\/pood\/tee-kusmi-white-bellini-90g\/#primaryimage"},"image":{"@id":"https:\/\/cha.ee\/en\/pood\/tee-kusmi-white-bellini-90g\/#primaryimage"},"thumbnailUrl":"https:\/\/cha.ee\/wp-content\/uploads\/2025\/10\/Kusmi-purgid-RUUT-7.jpg","datePublished":"2025-10-14T11:47:35+00:00","dateModified":"2026-01-08T13:08:29+00:00","description":"Kusmi White Bellini \u2013 \u00f5rn ja puuviljane valge tee virsiku ja aprikoosiga. Pehme ja mahe orgaaniline tee, mis toob tassit\u00e4ie suvist kergust ja elegantsi.","breadcrumb":{"@id":"https:\/\/cha.ee\/en\/pood\/tee-kusmi-white-bellini-90g\/#breadcrumb"},"inLanguage":"en-US","potentialAction":[{"@type":"ReadAction","target":["https:\/\/cha.ee\/en\/pood\/tee-kusmi-white-bellini-90g\/"]}]},{"@type":"ImageObject","inLanguage":"en-US","@id":"https:\/\/cha.ee\/en\/pood\/tee-kusmi-white-bellini-90g\/#primaryimage","url":"https:\/\/cha.ee\/wp-content\/uploads\/2025\/10\/Kusmi-purgid-RUUT-7.jpg","contentUrl":"https:\/\/cha.ee\/wp-content\/uploads\/2025\/10\/Kusmi-purgid-RUUT-7.jpg","width":2000,"height":2000},{"@type":"BreadcrumbList","@id":"https:\/\/cha.ee\/en\/pood\/tee-kusmi-white-bellini-90g\/#breadcrumb","itemListElement":[{"@type":"ListItem","position":1,"name":"Esileht","item":"https:\/\/cha.ee\/en\/"},{"@type":"ListItem","position":2,"name":"Shop at","item":"https:\/\/cha.ee\/en\/shop-at\/"},{"@type":"ListItem","position":3,"name":"Tee Kusmi White Bellini 90g"}]},{"@type":"WebSite","@id":"https:\/\/cha.ee\/en\/#website","url":"https:\/\/cha.ee\/en\/","name":"Cha","description":"Organic Tea for All","publisher":{"@id":"https:\/\/cha.ee\/en\/#organization"},"alternateName":"Pro&Bio","potentialAction":[{"@type":"SearchAction","target":{"@type":"EntryPoint","urlTemplate":"https:\/\/cha.ee\/en\/?s={search_term_string}"},"query-input":{"@type":"PropertyValueSpecification","valueRequired":true,"valueName":"search_term_string"}}],"inLanguage":"en-US"},{"@type":"Organization","@id":"https:\/\/cha.ee\/en\/#organization","name":"Probio Group O\u00dc","alternateName":"Pro&Bio","url":"https:\/\/cha.ee\/en\/","logo":{"@type":"ImageObject","inLanguage":"en-US","@id":"https:\/\/cha.ee\/en\/#\/schema\/logo\/image\/","url":"https:\/\/cha.ee\/wp-content\/uploads\/2024\/01\/Naomi-Goodwin-2-transparent.webp","contentUrl":"https:\/\/cha.ee\/wp-content\/uploads\/2024\/01\/Naomi-Goodwin-2-transparent.webp","width":1986,"height":1966,"caption":"Probio Group O\u00dc"},"image":{"@id":"https:\/\/cha.ee\/en\/#\/schema\/logo\/image\/"},"sameAs":["https:\/\/www.facebook.com\/probiootiline","https:\/\/www.instagram.com\/probiootiline\/"]}]},"product_price_amount":"19.90","product_price_currency":"EUR","og_availability":"instock","product_availability":"instock","product_condition":"new"},"_links":{"self":[{"href":"https:\/\/cha.ee\/en\/wp-json\/wp\/v2\/product\/138346","targetHints":{"allow":["GET"]}}],"collection":[{"href":"https:\/\/cha.ee\/en\/wp-json\/wp\/v2\/product"}],"about":[{"href":"https:\/\/cha.ee\/en\/wp-json\/wp\/v2\/types\/product"}],"wp:featuredmedia":[{"embeddable":true,"href":"https:\/\/cha.ee\/en\/wp-json\/wp\/v2\/media\/138347"}],"wp:attachment":[{"href":"https:\/\/cha.ee\/en\/wp-json\/wp\/v2\/media?parent=138346"}],"wp:term":[{"taxonomy":"product_brand","embeddable":true,"href":"https:\/\/cha.ee\/en\/wp-json\/wp\/v2\/product_brand?post=138346"},{"taxonomy":"product_cat","embeddable":true,"href":"https:\/\/cha.ee\/en\/wp-json\/wp\/v2\/product_cat?post=138346"},{"taxonomy":"product_tag","embeddable":true,"href":"https:\/\/cha.ee\/en\/wp-json\/wp\/v2\/product_tag?post=138346"}],"curies":[{"name":"wp","href":"https:\/\/api.w.org\/{rel}","templated":true}]}}