{"id":138415,"date":"2025-11-11T14:27:21","date_gmt":"2025-11-11T12:27:21","guid":{"rendered":"https:\/\/cha.ee\/?post_type=product&#038;p=138415"},"modified":"2025-11-11T14:27:22","modified_gmt":"2025-11-11T12:27:22","slug":"tee-kusmi-russian-morning-n24-100g","status":"publish","type":"product","link":"https:\/\/cha.ee\/en\/pood\/tee-kusmi-russian-morning-n24-100g\/","title":{"rendered":"Tee Kusmi Russian Morning N\u00b024 100g"},"content":{"rendered":"<p>Kusmi Russian Morning N\u00b024 \u2013 mahe must tee segu Aasiast, 100 g<\/p>\n<p>Klassikaline ja v\u00e4\u00e4rikas Russian Morning N\u00b024 on kolmest Aasia mustast teest loodud harmooniline segu, mis on m\u00f5eldud nautimiseks just hommikul \u2013 energiat andev, s\u00fcgav ja tasakaalukas.<\/p>\n<p>See segu \u00fchendab endas Hiina Grand Yunnani pehme ja \u00f5rna iseloomu, Sri Lanka Ceyloni t\u00e4idlase ja kergelt \u0161okolaadise maitse ning India Assam tee tugevad, j\u00f5ulised noodid. Tulemus on rikkalik ja \u00fcmar, t\u00e4iuslikult tasakaalustatud maitsega tee, mis pakub nii virgutust kui ka naudingut.<\/p>\n<p>T\u00f5elistele musta tee austajatele on see tee kui kunstiteos, samas sobib see ideaalselt ka neile, kes alles avastavad kvaliteetse musta tee maailma.<br \/>\nRussian Morning N\u00b024 on suurep\u00e4rane nii puhtalt kui ka tilga piimaga \u2013 klassikaline hommikune tee, mis paneb p\u00e4eva alguse paika.<\/p>\n<p>Valmistamine: kasuta 90 \u00b0C kuuma vett ja lase t\u00f5mmata 3\u20135 minutit.<\/p>\n<p>Koostisosad: Grand Yunnan must tee*, Assam must tee*, Ceylon must tee*. (*mahep\u00f5llumajandusest)<br \/>\nNetokogus: 100 g.<\/p>\n","protected":false},"excerpt":{"rendered":"<p>Kusmi Russian Morning N\u00b024 \u2013 mahe must tee segu Aasiast, 100 g<\/p>\n<p>Kolmest Aasia p\u00e4ritolu teest valmistatud t\u00e4iuslik segu: pehme Yunnan, t\u00e4idlane Ceylon ja j\u00f5uline Assam. Klassikaline hommikune tee, suurep\u00e4rane ka piimaga.<\/p>\n<p>Valmistamine: kasuta 90 \u00b0C kuuma vett ja lase t\u00f5mmata 3\u20135 minutit.<br \/>\nKoostisosad: Grand Yunnan*, Assam*, Ceylon*. (*mahep\u00f5llumajandusest)<\/p>\n","protected":false},"featured_media":138416,"template":"","meta":[],"product_brand":[],"product_cat":[276],"product_tag":[],"class_list":{"0":"post-138415","1":"product","2":"type-product","3":"status-publish","4":"has-post-thumbnail","6":"product_cat-kusmi-orgaanilised-puruteed","8":"first","9":"instock","10":"taxable","11":"shipping-taxable","12":"purchasable","13":"product-type-simple"},"yoast_head":"<!-- This site is optimized with the Yoast SEO Premium plugin v25.7.1 (Yoast SEO v27.6) - https:\/\/yoast.com\/product\/yoast-seo-premium-wordpress\/ -->\n<title>Tee Kusmi Russian Morning N\u00b024 100g | Cha<\/title>\n<meta name=\"description\" content=\"Kusmi Russian Morning N\u00b024 \u2013 kolme Aasia musta tee segu. Pehme Yunnan, t\u00e4idlane Ceylon ja tugev Assam loovad t\u00e4iusliku hommikuse tasakaalu.\" \/>\n<meta name=\"robots\" content=\"index, follow, max-snippet:-1, max-image-preview:large, max-video-preview:-1\" \/>\n<link rel=\"canonical\" href=\"https:\/\/cha.ee\/en\/pood\/tee-kusmi-russian-morning-n24-100g\/\" \/>\n<meta property=\"og:locale\" content=\"en_US\" \/>\n<meta property=\"og:type\" content=\"article\" \/>\n<meta property=\"og:title\" content=\"Tee Kusmi Russian Morning N\u00b024 100g\" \/>\n<meta property=\"og:description\" content=\"Kusmi Russian Morning N\u00b024 \u2013 kolme Aasia musta tee segu. Pehme Yunnan, t\u00e4idlane Ceylon ja tugev Assam loovad t\u00e4iusliku hommikuse tasakaalu.\" \/>\n<meta property=\"og:url\" content=\"https:\/\/cha.ee\/en\/pood\/tee-kusmi-russian-morning-n24-100g\/\" \/>\n<meta property=\"og:site_name\" content=\"Cha\" \/>\n<meta property=\"article:publisher\" content=\"https:\/\/www.facebook.com\/probiootiline\" \/>\n<meta property=\"article:modified_time\" content=\"2025-11-11T12:27:22+00:00\" \/>\n<meta property=\"og:image\" content=\"https:\/\/cha.ee\/wp-content\/uploads\/2025\/11\/Kusmi-purgid-RUUT-5.png\" \/>\n\t<meta property=\"og:image:width\" content=\"1000\" \/>\n\t<meta property=\"og:image:height\" content=\"1000\" \/>\n\t<meta property=\"og:image:type\" content=\"image\/png\" \/>\n<meta name=\"twitter:card\" content=\"summary_large_image\" \/>\n<meta name=\"twitter:label1\" content=\"Price\" \/>\n\t<meta name=\"twitter:data1\" content=\"18,75&nbsp;&euro;\" \/>\n\t<meta name=\"twitter:label2\" content=\"Availability\" \/>\n\t<meta name=\"twitter:data2\" content=\"In stock\" \/>\n<script type=\"application\/ld+json\" class=\"yoast-schema-graph\">{\"@context\":\"https:\\\/\\\/schema.org\",\"@graph\":[{\"@type\":\"WebPage\",\"@id\":\"https:\\\/\\\/cha.ee\\\/en\\\/pood\\\/tee-kusmi-russian-morning-n24-100g\\\/\",\"url\":\"https:\\\/\\\/cha.ee\\\/en\\\/pood\\\/tee-kusmi-russian-morning-n24-100g\\\/\",\"name\":\"Tee Kusmi Russian Morning N\u00b024 100g | Cha\",\"isPartOf\":{\"@id\":\"https:\\\/\\\/cha.ee\\\/en\\\/#website\"},\"primaryImageOfPage\":{\"@id\":\"https:\\\/\\\/cha.ee\\\/en\\\/pood\\\/tee-kusmi-russian-morning-n24-100g\\\/#primaryimage\"},\"image\":{\"@id\":\"https:\\\/\\\/cha.ee\\\/en\\\/pood\\\/tee-kusmi-russian-morning-n24-100g\\\/#primaryimage\"},\"thumbnailUrl\":\"https:\\\/\\\/cha.ee\\\/wp-content\\\/uploads\\\/2025\\\/11\\\/Kusmi-purgid-RUUT-5.png\",\"datePublished\":\"2025-11-11T12:27:21+00:00\",\"dateModified\":\"2025-11-11T12:27:22+00:00\",\"description\":\"Kusmi Russian Morning N\u00b024 \u2013 kolme Aasia musta tee segu. Pehme Yunnan, t\u00e4idlane Ceylon ja tugev Assam loovad t\u00e4iusliku hommikuse tasakaalu.\",\"breadcrumb\":{\"@id\":\"https:\\\/\\\/cha.ee\\\/en\\\/pood\\\/tee-kusmi-russian-morning-n24-100g\\\/#breadcrumb\"},\"inLanguage\":\"en-US\",\"potentialAction\":[{\"@type\":\"ReadAction\",\"target\":[\"https:\\\/\\\/cha.ee\\\/en\\\/pood\\\/tee-kusmi-russian-morning-n24-100g\\\/\"]}]},{\"@type\":\"ImageObject\",\"inLanguage\":\"en-US\",\"@id\":\"https:\\\/\\\/cha.ee\\\/en\\\/pood\\\/tee-kusmi-russian-morning-n24-100g\\\/#primaryimage\",\"url\":\"https:\\\/\\\/cha.ee\\\/wp-content\\\/uploads\\\/2025\\\/11\\\/Kusmi-purgid-RUUT-5.png\",\"contentUrl\":\"https:\\\/\\\/cha.ee\\\/wp-content\\\/uploads\\\/2025\\\/11\\\/Kusmi-purgid-RUUT-5.png\",\"width\":1000,\"height\":1000},{\"@type\":\"BreadcrumbList\",\"@id\":\"https:\\\/\\\/cha.ee\\\/en\\\/pood\\\/tee-kusmi-russian-morning-n24-100g\\\/#breadcrumb\",\"itemListElement\":[{\"@type\":\"ListItem\",\"position\":1,\"name\":\"Esileht\",\"item\":\"https:\\\/\\\/cha.ee\\\/en\\\/\"},{\"@type\":\"ListItem\",\"position\":2,\"name\":\"Shop at\",\"item\":\"https:\\\/\\\/cha.ee\\\/en\\\/shop-at\\\/\"},{\"@type\":\"ListItem\",\"position\":3,\"name\":\"Tee Kusmi Russian Morning N\u00b024 100g\"}]},{\"@type\":\"WebSite\",\"@id\":\"https:\\\/\\\/cha.ee\\\/en\\\/#website\",\"url\":\"https:\\\/\\\/cha.ee\\\/en\\\/\",\"name\":\"Cha\",\"description\":\"Organic Tea for All\",\"publisher\":{\"@id\":\"https:\\\/\\\/cha.ee\\\/en\\\/#organization\"},\"alternateName\":\"Pro&Bio\",\"potentialAction\":[{\"@type\":\"SearchAction\",\"target\":{\"@type\":\"EntryPoint\",\"urlTemplate\":\"https:\\\/\\\/cha.ee\\\/en\\\/?s={search_term_string}\"},\"query-input\":{\"@type\":\"PropertyValueSpecification\",\"valueRequired\":true,\"valueName\":\"search_term_string\"}}],\"inLanguage\":\"en-US\"},{\"@type\":\"Organization\",\"@id\":\"https:\\\/\\\/cha.ee\\\/en\\\/#organization\",\"name\":\"Probio Group O\u00dc\",\"alternateName\":\"Pro&Bio\",\"url\":\"https:\\\/\\\/cha.ee\\\/en\\\/\",\"logo\":{\"@type\":\"ImageObject\",\"inLanguage\":\"en-US\",\"@id\":\"https:\\\/\\\/cha.ee\\\/en\\\/#\\\/schema\\\/logo\\\/image\\\/\",\"url\":\"https:\\\/\\\/cha.ee\\\/wp-content\\\/uploads\\\/2024\\\/01\\\/Naomi-Goodwin-2-transparent.webp\",\"contentUrl\":\"https:\\\/\\\/cha.ee\\\/wp-content\\\/uploads\\\/2024\\\/01\\\/Naomi-Goodwin-2-transparent.webp\",\"width\":1986,\"height\":1966,\"caption\":\"Probio Group O\u00dc\"},\"image\":{\"@id\":\"https:\\\/\\\/cha.ee\\\/en\\\/#\\\/schema\\\/logo\\\/image\\\/\"},\"sameAs\":[\"https:\\\/\\\/www.facebook.com\\\/probiootiline\",\"https:\\\/\\\/www.instagram.com\\\/probiootiline\\\/\"]}]}<\/script>\n<meta property=\"product:price:amount\" content=\"18.75\" \/>\n<meta property=\"product:price:currency\" content=\"EUR\" \/>\n<meta property=\"og:availability\" content=\"instock\" \/>\n<meta property=\"product:availability\" content=\"instock\" \/>\n<meta property=\"product:condition\" content=\"new\" \/>\n<!-- \/ Yoast SEO Premium plugin. -->","yoast_head_json":{"title":"Tee Kusmi Russian Morning N\u00b024 100g | Cha","description":"Kusmi Russian Morning N\u00b024 \u2013 kolme Aasia musta tee segu. Pehme Yunnan, t\u00e4idlane Ceylon ja tugev Assam loovad t\u00e4iusliku hommikuse tasakaalu.","robots":{"index":"index","follow":"follow","max-snippet":"max-snippet:-1","max-image-preview":"max-image-preview:large","max-video-preview":"max-video-preview:-1"},"canonical":"https:\/\/cha.ee\/en\/pood\/tee-kusmi-russian-morning-n24-100g\/","og_locale":"en_US","og_type":"article","og_title":"Tee Kusmi Russian Morning N\u00b024 100g","og_description":"Kusmi Russian Morning N\u00b024 \u2013 kolme Aasia musta tee segu. Pehme Yunnan, t\u00e4idlane Ceylon ja tugev Assam loovad t\u00e4iusliku hommikuse tasakaalu.","og_url":"https:\/\/cha.ee\/en\/pood\/tee-kusmi-russian-morning-n24-100g\/","og_site_name":"Cha","article_publisher":"https:\/\/www.facebook.com\/probiootiline","article_modified_time":"2025-11-11T12:27:22+00:00","og_image":[{"width":1000,"height":1000,"url":"https:\/\/cha.ee\/wp-content\/uploads\/2025\/11\/Kusmi-purgid-RUUT-5.png","type":"image\/png"}],"twitter_card":"summary_large_image","twitter_misc":{"Price":"18,75&nbsp;&euro;","Availability":"In stock"},"schema":{"@context":"https:\/\/schema.org","@graph":[{"@type":"WebPage","@id":"https:\/\/cha.ee\/en\/pood\/tee-kusmi-russian-morning-n24-100g\/","url":"https:\/\/cha.ee\/en\/pood\/tee-kusmi-russian-morning-n24-100g\/","name":"Tee Kusmi Russian Morning N\u00b024 100g | Cha","isPartOf":{"@id":"https:\/\/cha.ee\/en\/#website"},"primaryImageOfPage":{"@id":"https:\/\/cha.ee\/en\/pood\/tee-kusmi-russian-morning-n24-100g\/#primaryimage"},"image":{"@id":"https:\/\/cha.ee\/en\/pood\/tee-kusmi-russian-morning-n24-100g\/#primaryimage"},"thumbnailUrl":"https:\/\/cha.ee\/wp-content\/uploads\/2025\/11\/Kusmi-purgid-RUUT-5.png","datePublished":"2025-11-11T12:27:21+00:00","dateModified":"2025-11-11T12:27:22+00:00","description":"Kusmi Russian Morning N\u00b024 \u2013 kolme Aasia musta tee segu. Pehme Yunnan, t\u00e4idlane Ceylon ja tugev Assam loovad t\u00e4iusliku hommikuse tasakaalu.","breadcrumb":{"@id":"https:\/\/cha.ee\/en\/pood\/tee-kusmi-russian-morning-n24-100g\/#breadcrumb"},"inLanguage":"en-US","potentialAction":[{"@type":"ReadAction","target":["https:\/\/cha.ee\/en\/pood\/tee-kusmi-russian-morning-n24-100g\/"]}]},{"@type":"ImageObject","inLanguage":"en-US","@id":"https:\/\/cha.ee\/en\/pood\/tee-kusmi-russian-morning-n24-100g\/#primaryimage","url":"https:\/\/cha.ee\/wp-content\/uploads\/2025\/11\/Kusmi-purgid-RUUT-5.png","contentUrl":"https:\/\/cha.ee\/wp-content\/uploads\/2025\/11\/Kusmi-purgid-RUUT-5.png","width":1000,"height":1000},{"@type":"BreadcrumbList","@id":"https:\/\/cha.ee\/en\/pood\/tee-kusmi-russian-morning-n24-100g\/#breadcrumb","itemListElement":[{"@type":"ListItem","position":1,"name":"Esileht","item":"https:\/\/cha.ee\/en\/"},{"@type":"ListItem","position":2,"name":"Shop at","item":"https:\/\/cha.ee\/en\/shop-at\/"},{"@type":"ListItem","position":3,"name":"Tee Kusmi Russian Morning N\u00b024 100g"}]},{"@type":"WebSite","@id":"https:\/\/cha.ee\/en\/#website","url":"https:\/\/cha.ee\/en\/","name":"Cha","description":"Organic Tea for All","publisher":{"@id":"https:\/\/cha.ee\/en\/#organization"},"alternateName":"Pro&Bio","potentialAction":[{"@type":"SearchAction","target":{"@type":"EntryPoint","urlTemplate":"https:\/\/cha.ee\/en\/?s={search_term_string}"},"query-input":{"@type":"PropertyValueSpecification","valueRequired":true,"valueName":"search_term_string"}}],"inLanguage":"en-US"},{"@type":"Organization","@id":"https:\/\/cha.ee\/en\/#organization","name":"Probio Group O\u00dc","alternateName":"Pro&Bio","url":"https:\/\/cha.ee\/en\/","logo":{"@type":"ImageObject","inLanguage":"en-US","@id":"https:\/\/cha.ee\/en\/#\/schema\/logo\/image\/","url":"https:\/\/cha.ee\/wp-content\/uploads\/2024\/01\/Naomi-Goodwin-2-transparent.webp","contentUrl":"https:\/\/cha.ee\/wp-content\/uploads\/2024\/01\/Naomi-Goodwin-2-transparent.webp","width":1986,"height":1966,"caption":"Probio Group O\u00dc"},"image":{"@id":"https:\/\/cha.ee\/en\/#\/schema\/logo\/image\/"},"sameAs":["https:\/\/www.facebook.com\/probiootiline","https:\/\/www.instagram.com\/probiootiline\/"]}]},"product_price_amount":"18.75","product_price_currency":"EUR","og_availability":"instock","product_availability":"instock","product_condition":"new"},"_links":{"self":[{"href":"https:\/\/cha.ee\/en\/wp-json\/wp\/v2\/product\/138415","targetHints":{"allow":["GET"]}}],"collection":[{"href":"https:\/\/cha.ee\/en\/wp-json\/wp\/v2\/product"}],"about":[{"href":"https:\/\/cha.ee\/en\/wp-json\/wp\/v2\/types\/product"}],"wp:featuredmedia":[{"embeddable":true,"href":"https:\/\/cha.ee\/en\/wp-json\/wp\/v2\/media\/138416"}],"wp:attachment":[{"href":"https:\/\/cha.ee\/en\/wp-json\/wp\/v2\/media?parent=138415"}],"wp:term":[{"taxonomy":"product_brand","embeddable":true,"href":"https:\/\/cha.ee\/en\/wp-json\/wp\/v2\/product_brand?post=138415"},{"taxonomy":"product_cat","embeddable":true,"href":"https:\/\/cha.ee\/en\/wp-json\/wp\/v2\/product_cat?post=138415"},{"taxonomy":"product_tag","embeddable":true,"href":"https:\/\/cha.ee\/en\/wp-json\/wp\/v2\/product_tag?post=138415"}],"curies":[{"name":"wp","href":"https:\/\/api.w.org\/{rel}","templated":true}]}}