{"id":138418,"date":"2025-11-11T14:35:47","date_gmt":"2025-11-11T12:35:47","guid":{"rendered":"https:\/\/cha.ee\/?post_type=product&#038;p=138418"},"modified":"2025-11-11T14:35:47","modified_gmt":"2025-11-11T12:35:47","slug":"kusmi-darjeeling-37-100g","status":"publish","type":"product","link":"https:\/\/cha.ee\/en\/pood\/kusmi-darjeeling-37-100g\/","title":{"rendered":"Tee Kusmi Darjeeling N\u00b037 100g"},"content":{"rendered":"<p>Kusmi Darjeeling N\u00b037 on musta tee k\u00f5rgklass \u2013 erakordselt elegantne ja \u00f5rn segu, mida peetakse mustade teede \u201c\u0161ampanjaks\u201d.<\/p>\n<p>See orgaaniline grand cru p\u00e4rineb India Darjeelingi m\u00e4gipiirkonnast, Himaalaja jalamil asuvatest valitud istandustest, kus teep\u00f5\u00f5sad kasvavad 2000\u20133000 meetri k\u00f5rgusel. Nende haruldaste lehtede korje n\u00f5uab erakordset oskust ja kannatlikkust, mis peegeldub iga tassit\u00e4ie peenuses.<\/p>\n<p>Darjeeling N\u00b037 avaldab muljet oma kergelt lillelise aroomi, peene m\u00f5rkuse ja merevaigukollase v\u00e4rvusega. Maitses kohtuvad delikaatne v\u00e4rskus ja v\u00e4\u00e4rikas s\u00fcgavus \u2013 tee, mis on sama elegantne kui rahustav.<\/p>\n<p>See on ideaalne valik neile, kes otsivad rafineeritud ja autentset maitseelamust, olgu see hommikuseks rituaaliks v\u00f5i p\u00e4rastl\u00f5unaseks naudinguks.<\/p>\n<p>Valmistamine: kasuta 90 \u00b0C kuuma vett ja lase t\u00f5mmata 3\u20135 minutit.<\/p>\n<p>Koostisosad: India must tee*. (*mahep\u00f5llumajandusest)<br \/>\nNetokogus: 100 g.<\/p>\n","protected":false},"excerpt":{"rendered":"<p>Kusmi Darjeeling N\u00b037 \u2013 mahe must India tee, 100 g<\/p>\n<p>Eksklusiivne ja elegantne must tee Himaalaja jalamil asuvatest istandustest. Lilleline, kergelt m\u00f5rkjas ja merevaigukarva \u2013 t\u00f5eline musta tee klassika.<\/p>\n<p>Valmistamine: kasuta 90 \u00b0C kuuma vett ja lase t\u00f5mmata 3\u20135 minutit.<br \/>\nKoostisosad: India must tee* (*mahep\u00f5llumajandusest).<\/p>\n","protected":false},"featured_media":138419,"template":"","meta":[],"product_brand":[],"product_cat":[276],"product_tag":[],"class_list":{"0":"post-138418","1":"product","2":"type-product","3":"status-publish","4":"has-post-thumbnail","6":"product_cat-kusmi-orgaanilised-puruteed","8":"first","9":"instock","10":"taxable","11":"shipping-taxable","12":"purchasable","13":"product-type-simple"},"yoast_head":"<!-- This site is optimized with the Yoast SEO Premium plugin v25.7.1 (Yoast SEO v27.6) - https:\/\/yoast.com\/product\/yoast-seo-premium-wordpress\/ -->\n<title>Tee Kusmi Darjeeling N\u00b037 100g | Cha<\/title>\n<meta name=\"description\" content=\"Kusmi Darjeeling N\u00b037 \u2013 mahe must tee Himaalaja jalamil kasvanud lehtedest. Lilleline, kergelt m\u00f5rkjas ja erakordselt elegantne.\" \/>\n<meta name=\"robots\" content=\"index, follow, max-snippet:-1, max-image-preview:large, max-video-preview:-1\" \/>\n<link rel=\"canonical\" href=\"https:\/\/cha.ee\/en\/pood\/kusmi-darjeeling-37-100g\/\" \/>\n<meta property=\"og:locale\" content=\"en_US\" \/>\n<meta property=\"og:type\" content=\"article\" \/>\n<meta property=\"og:title\" content=\"Tee Kusmi Darjeeling N\u00b037 100g\" \/>\n<meta property=\"og:description\" content=\"Kusmi Darjeeling N\u00b037 \u2013 mahe must tee Himaalaja jalamil kasvanud lehtedest. Lilleline, kergelt m\u00f5rkjas ja erakordselt elegantne.\" \/>\n<meta property=\"og:url\" content=\"https:\/\/cha.ee\/en\/pood\/kusmi-darjeeling-37-100g\/\" \/>\n<meta property=\"og:site_name\" content=\"Cha\" \/>\n<meta property=\"article:publisher\" content=\"https:\/\/www.facebook.com\/probiootiline\" \/>\n<meta property=\"og:image\" content=\"https:\/\/cha.ee\/wp-content\/uploads\/2025\/11\/Kusmi-purgid-RUUT-6.png\" \/>\n\t<meta property=\"og:image:width\" content=\"1000\" \/>\n\t<meta property=\"og:image:height\" content=\"1000\" \/>\n\t<meta property=\"og:image:type\" content=\"image\/png\" \/>\n<meta name=\"twitter:card\" content=\"summary_large_image\" \/>\n<meta name=\"twitter:label1\" content=\"Price\" \/>\n\t<meta name=\"twitter:data1\" content=\"19,99&nbsp;&euro;\" \/>\n\t<meta name=\"twitter:label2\" content=\"Availability\" \/>\n\t<meta name=\"twitter:data2\" content=\"In stock\" \/>\n<script type=\"application\/ld+json\" class=\"yoast-schema-graph\">{\"@context\":\"https:\\\/\\\/schema.org\",\"@graph\":[{\"@type\":\"WebPage\",\"@id\":\"https:\\\/\\\/cha.ee\\\/en\\\/pood\\\/kusmi-darjeeling-37-100g\\\/\",\"url\":\"https:\\\/\\\/cha.ee\\\/en\\\/pood\\\/kusmi-darjeeling-37-100g\\\/\",\"name\":\"Tee Kusmi Darjeeling N\u00b037 100g | Cha\",\"isPartOf\":{\"@id\":\"https:\\\/\\\/cha.ee\\\/en\\\/#website\"},\"primaryImageOfPage\":{\"@id\":\"https:\\\/\\\/cha.ee\\\/en\\\/pood\\\/kusmi-darjeeling-37-100g\\\/#primaryimage\"},\"image\":{\"@id\":\"https:\\\/\\\/cha.ee\\\/en\\\/pood\\\/kusmi-darjeeling-37-100g\\\/#primaryimage\"},\"thumbnailUrl\":\"https:\\\/\\\/cha.ee\\\/wp-content\\\/uploads\\\/2025\\\/11\\\/Kusmi-purgid-RUUT-6.png\",\"datePublished\":\"2025-11-11T12:35:47+00:00\",\"description\":\"Kusmi Darjeeling N\u00b037 \u2013 mahe must tee Himaalaja jalamil kasvanud lehtedest. Lilleline, kergelt m\u00f5rkjas ja erakordselt elegantne.\",\"breadcrumb\":{\"@id\":\"https:\\\/\\\/cha.ee\\\/en\\\/pood\\\/kusmi-darjeeling-37-100g\\\/#breadcrumb\"},\"inLanguage\":\"en-US\",\"potentialAction\":[{\"@type\":\"ReadAction\",\"target\":[\"https:\\\/\\\/cha.ee\\\/en\\\/pood\\\/kusmi-darjeeling-37-100g\\\/\"]}]},{\"@type\":\"ImageObject\",\"inLanguage\":\"en-US\",\"@id\":\"https:\\\/\\\/cha.ee\\\/en\\\/pood\\\/kusmi-darjeeling-37-100g\\\/#primaryimage\",\"url\":\"https:\\\/\\\/cha.ee\\\/wp-content\\\/uploads\\\/2025\\\/11\\\/Kusmi-purgid-RUUT-6.png\",\"contentUrl\":\"https:\\\/\\\/cha.ee\\\/wp-content\\\/uploads\\\/2025\\\/11\\\/Kusmi-purgid-RUUT-6.png\",\"width\":1000,\"height\":1000},{\"@type\":\"BreadcrumbList\",\"@id\":\"https:\\\/\\\/cha.ee\\\/en\\\/pood\\\/kusmi-darjeeling-37-100g\\\/#breadcrumb\",\"itemListElement\":[{\"@type\":\"ListItem\",\"position\":1,\"name\":\"Esileht\",\"item\":\"https:\\\/\\\/cha.ee\\\/en\\\/\"},{\"@type\":\"ListItem\",\"position\":2,\"name\":\"Shop at\",\"item\":\"https:\\\/\\\/cha.ee\\\/en\\\/shop-at\\\/\"},{\"@type\":\"ListItem\",\"position\":3,\"name\":\"Tee Kusmi Darjeeling N\u00b037 100g\"}]},{\"@type\":\"WebSite\",\"@id\":\"https:\\\/\\\/cha.ee\\\/en\\\/#website\",\"url\":\"https:\\\/\\\/cha.ee\\\/en\\\/\",\"name\":\"Cha\",\"description\":\"Organic Tea for All\",\"publisher\":{\"@id\":\"https:\\\/\\\/cha.ee\\\/en\\\/#organization\"},\"alternateName\":\"Pro&Bio\",\"potentialAction\":[{\"@type\":\"SearchAction\",\"target\":{\"@type\":\"EntryPoint\",\"urlTemplate\":\"https:\\\/\\\/cha.ee\\\/en\\\/?s={search_term_string}\"},\"query-input\":{\"@type\":\"PropertyValueSpecification\",\"valueRequired\":true,\"valueName\":\"search_term_string\"}}],\"inLanguage\":\"en-US\"},{\"@type\":\"Organization\",\"@id\":\"https:\\\/\\\/cha.ee\\\/en\\\/#organization\",\"name\":\"Probio Group O\u00dc\",\"alternateName\":\"Pro&Bio\",\"url\":\"https:\\\/\\\/cha.ee\\\/en\\\/\",\"logo\":{\"@type\":\"ImageObject\",\"inLanguage\":\"en-US\",\"@id\":\"https:\\\/\\\/cha.ee\\\/en\\\/#\\\/schema\\\/logo\\\/image\\\/\",\"url\":\"https:\\\/\\\/cha.ee\\\/wp-content\\\/uploads\\\/2024\\\/01\\\/Naomi-Goodwin-2-transparent.webp\",\"contentUrl\":\"https:\\\/\\\/cha.ee\\\/wp-content\\\/uploads\\\/2024\\\/01\\\/Naomi-Goodwin-2-transparent.webp\",\"width\":1986,\"height\":1966,\"caption\":\"Probio Group O\u00dc\"},\"image\":{\"@id\":\"https:\\\/\\\/cha.ee\\\/en\\\/#\\\/schema\\\/logo\\\/image\\\/\"},\"sameAs\":[\"https:\\\/\\\/www.facebook.com\\\/probiootiline\",\"https:\\\/\\\/www.instagram.com\\\/probiootiline\\\/\"]}]}<\/script>\n<meta property=\"product:price:amount\" content=\"19.99\" \/>\n<meta property=\"product:price:currency\" content=\"EUR\" \/>\n<meta property=\"og:availability\" content=\"instock\" \/>\n<meta property=\"product:availability\" content=\"instock\" \/>\n<meta property=\"product:condition\" content=\"new\" \/>\n<!-- \/ Yoast SEO Premium plugin. -->","yoast_head_json":{"title":"Tee Kusmi Darjeeling N\u00b037 100g | Cha","description":"Kusmi Darjeeling N\u00b037 \u2013 mahe must tee Himaalaja jalamil kasvanud lehtedest. Lilleline, kergelt m\u00f5rkjas ja erakordselt elegantne.","robots":{"index":"index","follow":"follow","max-snippet":"max-snippet:-1","max-image-preview":"max-image-preview:large","max-video-preview":"max-video-preview:-1"},"canonical":"https:\/\/cha.ee\/en\/pood\/kusmi-darjeeling-37-100g\/","og_locale":"en_US","og_type":"article","og_title":"Tee Kusmi Darjeeling N\u00b037 100g","og_description":"Kusmi Darjeeling N\u00b037 \u2013 mahe must tee Himaalaja jalamil kasvanud lehtedest. Lilleline, kergelt m\u00f5rkjas ja erakordselt elegantne.","og_url":"https:\/\/cha.ee\/en\/pood\/kusmi-darjeeling-37-100g\/","og_site_name":"Cha","article_publisher":"https:\/\/www.facebook.com\/probiootiline","og_image":[{"width":1000,"height":1000,"url":"https:\/\/cha.ee\/wp-content\/uploads\/2025\/11\/Kusmi-purgid-RUUT-6.png","type":"image\/png"}],"twitter_card":"summary_large_image","twitter_misc":{"Price":"19,99&nbsp;&euro;","Availability":"In stock"},"schema":{"@context":"https:\/\/schema.org","@graph":[{"@type":"WebPage","@id":"https:\/\/cha.ee\/en\/pood\/kusmi-darjeeling-37-100g\/","url":"https:\/\/cha.ee\/en\/pood\/kusmi-darjeeling-37-100g\/","name":"Tee Kusmi Darjeeling N\u00b037 100g | Cha","isPartOf":{"@id":"https:\/\/cha.ee\/en\/#website"},"primaryImageOfPage":{"@id":"https:\/\/cha.ee\/en\/pood\/kusmi-darjeeling-37-100g\/#primaryimage"},"image":{"@id":"https:\/\/cha.ee\/en\/pood\/kusmi-darjeeling-37-100g\/#primaryimage"},"thumbnailUrl":"https:\/\/cha.ee\/wp-content\/uploads\/2025\/11\/Kusmi-purgid-RUUT-6.png","datePublished":"2025-11-11T12:35:47+00:00","description":"Kusmi Darjeeling N\u00b037 \u2013 mahe must tee Himaalaja jalamil kasvanud lehtedest. Lilleline, kergelt m\u00f5rkjas ja erakordselt elegantne.","breadcrumb":{"@id":"https:\/\/cha.ee\/en\/pood\/kusmi-darjeeling-37-100g\/#breadcrumb"},"inLanguage":"en-US","potentialAction":[{"@type":"ReadAction","target":["https:\/\/cha.ee\/en\/pood\/kusmi-darjeeling-37-100g\/"]}]},{"@type":"ImageObject","inLanguage":"en-US","@id":"https:\/\/cha.ee\/en\/pood\/kusmi-darjeeling-37-100g\/#primaryimage","url":"https:\/\/cha.ee\/wp-content\/uploads\/2025\/11\/Kusmi-purgid-RUUT-6.png","contentUrl":"https:\/\/cha.ee\/wp-content\/uploads\/2025\/11\/Kusmi-purgid-RUUT-6.png","width":1000,"height":1000},{"@type":"BreadcrumbList","@id":"https:\/\/cha.ee\/en\/pood\/kusmi-darjeeling-37-100g\/#breadcrumb","itemListElement":[{"@type":"ListItem","position":1,"name":"Esileht","item":"https:\/\/cha.ee\/en\/"},{"@type":"ListItem","position":2,"name":"Shop at","item":"https:\/\/cha.ee\/en\/shop-at\/"},{"@type":"ListItem","position":3,"name":"Tee Kusmi Darjeeling N\u00b037 100g"}]},{"@type":"WebSite","@id":"https:\/\/cha.ee\/en\/#website","url":"https:\/\/cha.ee\/en\/","name":"Cha","description":"Organic Tea for All","publisher":{"@id":"https:\/\/cha.ee\/en\/#organization"},"alternateName":"Pro&Bio","potentialAction":[{"@type":"SearchAction","target":{"@type":"EntryPoint","urlTemplate":"https:\/\/cha.ee\/en\/?s={search_term_string}"},"query-input":{"@type":"PropertyValueSpecification","valueRequired":true,"valueName":"search_term_string"}}],"inLanguage":"en-US"},{"@type":"Organization","@id":"https:\/\/cha.ee\/en\/#organization","name":"Probio Group O\u00dc","alternateName":"Pro&Bio","url":"https:\/\/cha.ee\/en\/","logo":{"@type":"ImageObject","inLanguage":"en-US","@id":"https:\/\/cha.ee\/en\/#\/schema\/logo\/image\/","url":"https:\/\/cha.ee\/wp-content\/uploads\/2024\/01\/Naomi-Goodwin-2-transparent.webp","contentUrl":"https:\/\/cha.ee\/wp-content\/uploads\/2024\/01\/Naomi-Goodwin-2-transparent.webp","width":1986,"height":1966,"caption":"Probio Group O\u00dc"},"image":{"@id":"https:\/\/cha.ee\/en\/#\/schema\/logo\/image\/"},"sameAs":["https:\/\/www.facebook.com\/probiootiline","https:\/\/www.instagram.com\/probiootiline\/"]}]},"product_price_amount":"19.99","product_price_currency":"EUR","og_availability":"instock","product_availability":"instock","product_condition":"new"},"_links":{"self":[{"href":"https:\/\/cha.ee\/en\/wp-json\/wp\/v2\/product\/138418","targetHints":{"allow":["GET"]}}],"collection":[{"href":"https:\/\/cha.ee\/en\/wp-json\/wp\/v2\/product"}],"about":[{"href":"https:\/\/cha.ee\/en\/wp-json\/wp\/v2\/types\/product"}],"wp:featuredmedia":[{"embeddable":true,"href":"https:\/\/cha.ee\/en\/wp-json\/wp\/v2\/media\/138419"}],"wp:attachment":[{"href":"https:\/\/cha.ee\/en\/wp-json\/wp\/v2\/media?parent=138418"}],"wp:term":[{"taxonomy":"product_brand","embeddable":true,"href":"https:\/\/cha.ee\/en\/wp-json\/wp\/v2\/product_brand?post=138418"},{"taxonomy":"product_cat","embeddable":true,"href":"https:\/\/cha.ee\/en\/wp-json\/wp\/v2\/product_cat?post=138418"},{"taxonomy":"product_tag","embeddable":true,"href":"https:\/\/cha.ee\/en\/wp-json\/wp\/v2\/product_tag?post=138418"}],"curies":[{"name":"wp","href":"https:\/\/api.w.org\/{rel}","templated":true}]}}