{"id":138421,"date":"2025-11-11T14:39:45","date_gmt":"2025-11-11T12:39:45","guid":{"rendered":"https:\/\/cha.ee\/?post_type=product&#038;p=138421"},"modified":"2026-01-08T14:35:03","modified_gmt":"2026-01-08T12:35:03","slug":"kusmi-lapsang-souchong-100g","status":"publish","type":"product","link":"https:\/\/cha.ee\/en\/pood\/kusmi-lapsang-souchong-100g\/","title":{"rendered":"Tee Kusmi Lapsang Souchong 100g"},"content":{"rendered":"<p>Kusmi Lapsang Souchong \u2013 mahe Hiina suitsune must tee, 100 g<\/p>\n<p>T\u00f5eline klassika, millel on iseloomu ja ajalugu \u2013 Lapsang Souchong on s\u00fcgava maitse ja tugeva aroomiga must tee, mis p\u00e4rineb Hiina Fujiani provintsist, suitsutamise kunstist s\u00fcndinud eriline traditsioonitee.<\/p>\n<p>Selle tumedad, kergelt keerdunud lehed vabastavad juba esimesel t\u00f5mbamisel rikkaliku, suitsuse ja puiduse aroomi. Tassis avaldub soe, t\u00e4idlane maitse, milles p\u00f5imuvad tule ja metsa noodid, tasakaalustatuna musta tee loomuliku \u00fcmara pehmusega.<\/p>\n<p>Lapsang Souchong on tee, mida kas armastatakse v\u00f5i mille vastu tunneb aukartust \u2013 ta on j\u00f5uline, meeldej\u00e4\u00e4v ja t\u00e4iesti ainulaadne. Ideaalne valik neile, kes hindavad s\u00fcgavust ja erip\u00e4ra oma teetassis.<\/p>\n<p>Legendi j\u00e4rgi s\u00fcndis suitsune tee juhuslikult \u2013 Fujiani teeistanduses, kus s\u00f5durid kasutasid teet\u00f6\u00f6tlejate kuivatustalusid, kuivatati teelehti ajapuudusel hoopis puidutule kohal. Tulemuseks oli uue iseloomuga tee, mille suitsune maitse vallutas kogu piirkonna ja seej\u00e4rel maailma.<\/p>\n<p>Lapsang Souchong sobib suurep\u00e4raselt p\u00e4rastl\u00f5unaseks joogiks v\u00f5i kauniks kaaslaseks juustu, suitsuliha v\u00f5i tumeda \u0161okolaadiga.<\/p>\n<p>Valmistamine: kasuta 90 \u00b0C kuuma vett ja lase t\u00f5mmata 3\u20135 minutit.<\/p>\n<p>Koostisosad: Hiina suitsune must tee* (*mahep\u00f5llumajandusest)<br \/>\nNetokogus: 100 g.<\/p>\n","protected":false},"excerpt":{"rendered":"<p>Kusmi Lapsang Souchong \u2013 mahe Hiina suitsune must tee, 100 g<\/p>\n<p>Tugeva iseloomuga klassikaline suitsune must tee Hiinast. S\u00fcgav, puidune ja aromaatne \u2013 t\u00e4iuslik valik neile, kes otsivad erip\u00e4ra ja soojust tassis.<\/p>\n<p>Valmistamine: kasuta 90 \u00b0C kuuma vett ja lase t\u00f5mmata 3\u20135 minutit.<br \/>\nKoostisosad: Hiina suitsune must tee* (*mahep\u00f5llumajandusest).<\/p>\n","protected":false},"featured_media":138422,"template":"","meta":[],"product_brand":[],"product_cat":[276],"product_tag":[],"class_list":{"0":"post-138421","1":"product","2":"type-product","3":"status-publish","4":"has-post-thumbnail","6":"product_cat-kusmi-orgaanilised-puruteed","8":"first","9":"instock","10":"sale","11":"taxable","12":"shipping-taxable","13":"purchasable","14":"product-type-simple"},"yoast_head":"<!-- This site is optimized with the Yoast SEO Premium plugin v25.7.1 (Yoast SEO v27.6) - https:\/\/yoast.com\/product\/yoast-seo-premium-wordpress\/ -->\n<title>Tee Kusmi Lapsang Souchong 100g | Cha<\/title>\n<meta name=\"description\" content=\"Kusmi Lapsang Souchong \u2013 mahe Hiina suitsune must tee. S\u00fcgav ja t\u00e4idlane klassika, mille puidused ja suitsused noodid pakuvad unustamatut maitseelamust.\" \/>\n<meta name=\"robots\" content=\"index, follow, max-snippet:-1, max-image-preview:large, max-video-preview:-1\" \/>\n<link rel=\"canonical\" href=\"https:\/\/cha.ee\/en\/pood\/kusmi-lapsang-souchong-100g\/\" \/>\n<meta property=\"og:locale\" content=\"en_US\" \/>\n<meta property=\"og:type\" content=\"article\" \/>\n<meta property=\"og:title\" content=\"Tee Kusmi Lapsang Souchong 100g\" \/>\n<meta property=\"og:description\" content=\"Kusmi Lapsang Souchong \u2013 mahe Hiina suitsune must tee. S\u00fcgav ja t\u00e4idlane klassika, mille puidused ja suitsused noodid pakuvad unustamatut maitseelamust.\" \/>\n<meta property=\"og:url\" content=\"https:\/\/cha.ee\/en\/pood\/kusmi-lapsang-souchong-100g\/\" \/>\n<meta property=\"og:site_name\" content=\"Cha\" \/>\n<meta property=\"article:publisher\" content=\"https:\/\/www.facebook.com\/probiootiline\" \/>\n<meta property=\"article:modified_time\" content=\"2026-01-08T12:35:03+00:00\" \/>\n<meta property=\"og:image\" content=\"https:\/\/cha.ee\/wp-content\/uploads\/2025\/11\/Kusmi-purgid-RUUT-7.png\" \/>\n\t<meta property=\"og:image:width\" content=\"1000\" \/>\n\t<meta property=\"og:image:height\" content=\"1000\" \/>\n\t<meta property=\"og:image:type\" content=\"image\/png\" \/>\n<meta name=\"twitter:card\" content=\"summary_large_image\" \/>\n<meta name=\"twitter:label1\" content=\"Price\" \/>\n\t<meta name=\"twitter:data1\" content=\"17,60&nbsp;&euro;\" \/>\n\t<meta name=\"twitter:label2\" content=\"Availability\" \/>\n\t<meta name=\"twitter:data2\" content=\"In stock\" \/>\n<script type=\"application\/ld+json\" class=\"yoast-schema-graph\">{\"@context\":\"https:\\\/\\\/schema.org\",\"@graph\":[{\"@type\":\"WebPage\",\"@id\":\"https:\\\/\\\/cha.ee\\\/en\\\/pood\\\/kusmi-lapsang-souchong-100g\\\/\",\"url\":\"https:\\\/\\\/cha.ee\\\/en\\\/pood\\\/kusmi-lapsang-souchong-100g\\\/\",\"name\":\"Tee Kusmi Lapsang Souchong 100g | Cha\",\"isPartOf\":{\"@id\":\"https:\\\/\\\/cha.ee\\\/en\\\/#website\"},\"primaryImageOfPage\":{\"@id\":\"https:\\\/\\\/cha.ee\\\/en\\\/pood\\\/kusmi-lapsang-souchong-100g\\\/#primaryimage\"},\"image\":{\"@id\":\"https:\\\/\\\/cha.ee\\\/en\\\/pood\\\/kusmi-lapsang-souchong-100g\\\/#primaryimage\"},\"thumbnailUrl\":\"https:\\\/\\\/cha.ee\\\/wp-content\\\/uploads\\\/2025\\\/11\\\/Kusmi-purgid-RUUT-7.png\",\"datePublished\":\"2025-11-11T12:39:45+00:00\",\"dateModified\":\"2026-01-08T12:35:03+00:00\",\"description\":\"Kusmi Lapsang Souchong \u2013 mahe Hiina suitsune must tee. S\u00fcgav ja t\u00e4idlane klassika, mille puidused ja suitsused noodid pakuvad unustamatut maitseelamust.\",\"breadcrumb\":{\"@id\":\"https:\\\/\\\/cha.ee\\\/en\\\/pood\\\/kusmi-lapsang-souchong-100g\\\/#breadcrumb\"},\"inLanguage\":\"en-US\",\"potentialAction\":[{\"@type\":\"ReadAction\",\"target\":[\"https:\\\/\\\/cha.ee\\\/en\\\/pood\\\/kusmi-lapsang-souchong-100g\\\/\"]}]},{\"@type\":\"ImageObject\",\"inLanguage\":\"en-US\",\"@id\":\"https:\\\/\\\/cha.ee\\\/en\\\/pood\\\/kusmi-lapsang-souchong-100g\\\/#primaryimage\",\"url\":\"https:\\\/\\\/cha.ee\\\/wp-content\\\/uploads\\\/2025\\\/11\\\/Kusmi-purgid-RUUT-7.png\",\"contentUrl\":\"https:\\\/\\\/cha.ee\\\/wp-content\\\/uploads\\\/2025\\\/11\\\/Kusmi-purgid-RUUT-7.png\",\"width\":1000,\"height\":1000},{\"@type\":\"BreadcrumbList\",\"@id\":\"https:\\\/\\\/cha.ee\\\/en\\\/pood\\\/kusmi-lapsang-souchong-100g\\\/#breadcrumb\",\"itemListElement\":[{\"@type\":\"ListItem\",\"position\":1,\"name\":\"Esileht\",\"item\":\"https:\\\/\\\/cha.ee\\\/en\\\/\"},{\"@type\":\"ListItem\",\"position\":2,\"name\":\"Shop at\",\"item\":\"https:\\\/\\\/cha.ee\\\/en\\\/shop-at\\\/\"},{\"@type\":\"ListItem\",\"position\":3,\"name\":\"Tee Kusmi Lapsang Souchong 100g\"}]},{\"@type\":\"WebSite\",\"@id\":\"https:\\\/\\\/cha.ee\\\/en\\\/#website\",\"url\":\"https:\\\/\\\/cha.ee\\\/en\\\/\",\"name\":\"Cha\",\"description\":\"Organic Tea for All\",\"publisher\":{\"@id\":\"https:\\\/\\\/cha.ee\\\/en\\\/#organization\"},\"alternateName\":\"Pro&Bio\",\"potentialAction\":[{\"@type\":\"SearchAction\",\"target\":{\"@type\":\"EntryPoint\",\"urlTemplate\":\"https:\\\/\\\/cha.ee\\\/en\\\/?s={search_term_string}\"},\"query-input\":{\"@type\":\"PropertyValueSpecification\",\"valueRequired\":true,\"valueName\":\"search_term_string\"}}],\"inLanguage\":\"en-US\"},{\"@type\":\"Organization\",\"@id\":\"https:\\\/\\\/cha.ee\\\/en\\\/#organization\",\"name\":\"Probio Group O\u00dc\",\"alternateName\":\"Pro&Bio\",\"url\":\"https:\\\/\\\/cha.ee\\\/en\\\/\",\"logo\":{\"@type\":\"ImageObject\",\"inLanguage\":\"en-US\",\"@id\":\"https:\\\/\\\/cha.ee\\\/en\\\/#\\\/schema\\\/logo\\\/image\\\/\",\"url\":\"https:\\\/\\\/cha.ee\\\/wp-content\\\/uploads\\\/2024\\\/01\\\/Naomi-Goodwin-2-transparent.webp\",\"contentUrl\":\"https:\\\/\\\/cha.ee\\\/wp-content\\\/uploads\\\/2024\\\/01\\\/Naomi-Goodwin-2-transparent.webp\",\"width\":1986,\"height\":1966,\"caption\":\"Probio Group O\u00dc\"},\"image\":{\"@id\":\"https:\\\/\\\/cha.ee\\\/en\\\/#\\\/schema\\\/logo\\\/image\\\/\"},\"sameAs\":[\"https:\\\/\\\/www.facebook.com\\\/probiootiline\",\"https:\\\/\\\/www.instagram.com\\\/probiootiline\\\/\"]}]}<\/script>\n<meta property=\"product:price:amount\" content=\"17.60\" \/>\n<meta property=\"product:price:currency\" content=\"EUR\" \/>\n<meta property=\"og:availability\" content=\"instock\" \/>\n<meta property=\"product:availability\" content=\"instock\" \/>\n<meta property=\"product:condition\" content=\"new\" \/>\n<!-- \/ Yoast SEO Premium plugin. -->","yoast_head_json":{"title":"Tee Kusmi Lapsang Souchong 100g | Cha","description":"Kusmi Lapsang Souchong \u2013 mahe Hiina suitsune must tee. S\u00fcgav ja t\u00e4idlane klassika, mille puidused ja suitsused noodid pakuvad unustamatut maitseelamust.","robots":{"index":"index","follow":"follow","max-snippet":"max-snippet:-1","max-image-preview":"max-image-preview:large","max-video-preview":"max-video-preview:-1"},"canonical":"https:\/\/cha.ee\/en\/pood\/kusmi-lapsang-souchong-100g\/","og_locale":"en_US","og_type":"article","og_title":"Tee Kusmi Lapsang Souchong 100g","og_description":"Kusmi Lapsang Souchong \u2013 mahe Hiina suitsune must tee. S\u00fcgav ja t\u00e4idlane klassika, mille puidused ja suitsused noodid pakuvad unustamatut maitseelamust.","og_url":"https:\/\/cha.ee\/en\/pood\/kusmi-lapsang-souchong-100g\/","og_site_name":"Cha","article_publisher":"https:\/\/www.facebook.com\/probiootiline","article_modified_time":"2026-01-08T12:35:03+00:00","og_image":[{"width":1000,"height":1000,"url":"https:\/\/cha.ee\/wp-content\/uploads\/2025\/11\/Kusmi-purgid-RUUT-7.png","type":"image\/png"}],"twitter_card":"summary_large_image","twitter_misc":{"Price":"17,60&nbsp;&euro;","Availability":"In stock"},"schema":{"@context":"https:\/\/schema.org","@graph":[{"@type":"WebPage","@id":"https:\/\/cha.ee\/en\/pood\/kusmi-lapsang-souchong-100g\/","url":"https:\/\/cha.ee\/en\/pood\/kusmi-lapsang-souchong-100g\/","name":"Tee Kusmi Lapsang Souchong 100g | Cha","isPartOf":{"@id":"https:\/\/cha.ee\/en\/#website"},"primaryImageOfPage":{"@id":"https:\/\/cha.ee\/en\/pood\/kusmi-lapsang-souchong-100g\/#primaryimage"},"image":{"@id":"https:\/\/cha.ee\/en\/pood\/kusmi-lapsang-souchong-100g\/#primaryimage"},"thumbnailUrl":"https:\/\/cha.ee\/wp-content\/uploads\/2025\/11\/Kusmi-purgid-RUUT-7.png","datePublished":"2025-11-11T12:39:45+00:00","dateModified":"2026-01-08T12:35:03+00:00","description":"Kusmi Lapsang Souchong \u2013 mahe Hiina suitsune must tee. S\u00fcgav ja t\u00e4idlane klassika, mille puidused ja suitsused noodid pakuvad unustamatut maitseelamust.","breadcrumb":{"@id":"https:\/\/cha.ee\/en\/pood\/kusmi-lapsang-souchong-100g\/#breadcrumb"},"inLanguage":"en-US","potentialAction":[{"@type":"ReadAction","target":["https:\/\/cha.ee\/en\/pood\/kusmi-lapsang-souchong-100g\/"]}]},{"@type":"ImageObject","inLanguage":"en-US","@id":"https:\/\/cha.ee\/en\/pood\/kusmi-lapsang-souchong-100g\/#primaryimage","url":"https:\/\/cha.ee\/wp-content\/uploads\/2025\/11\/Kusmi-purgid-RUUT-7.png","contentUrl":"https:\/\/cha.ee\/wp-content\/uploads\/2025\/11\/Kusmi-purgid-RUUT-7.png","width":1000,"height":1000},{"@type":"BreadcrumbList","@id":"https:\/\/cha.ee\/en\/pood\/kusmi-lapsang-souchong-100g\/#breadcrumb","itemListElement":[{"@type":"ListItem","position":1,"name":"Esileht","item":"https:\/\/cha.ee\/en\/"},{"@type":"ListItem","position":2,"name":"Shop at","item":"https:\/\/cha.ee\/en\/shop-at\/"},{"@type":"ListItem","position":3,"name":"Tee Kusmi Lapsang Souchong 100g"}]},{"@type":"WebSite","@id":"https:\/\/cha.ee\/en\/#website","url":"https:\/\/cha.ee\/en\/","name":"Cha","description":"Organic Tea for All","publisher":{"@id":"https:\/\/cha.ee\/en\/#organization"},"alternateName":"Pro&Bio","potentialAction":[{"@type":"SearchAction","target":{"@type":"EntryPoint","urlTemplate":"https:\/\/cha.ee\/en\/?s={search_term_string}"},"query-input":{"@type":"PropertyValueSpecification","valueRequired":true,"valueName":"search_term_string"}}],"inLanguage":"en-US"},{"@type":"Organization","@id":"https:\/\/cha.ee\/en\/#organization","name":"Probio Group O\u00dc","alternateName":"Pro&Bio","url":"https:\/\/cha.ee\/en\/","logo":{"@type":"ImageObject","inLanguage":"en-US","@id":"https:\/\/cha.ee\/en\/#\/schema\/logo\/image\/","url":"https:\/\/cha.ee\/wp-content\/uploads\/2024\/01\/Naomi-Goodwin-2-transparent.webp","contentUrl":"https:\/\/cha.ee\/wp-content\/uploads\/2024\/01\/Naomi-Goodwin-2-transparent.webp","width":1986,"height":1966,"caption":"Probio Group O\u00dc"},"image":{"@id":"https:\/\/cha.ee\/en\/#\/schema\/logo\/image\/"},"sameAs":["https:\/\/www.facebook.com\/probiootiline","https:\/\/www.instagram.com\/probiootiline\/"]}]},"product_price_amount":"17.60","product_price_currency":"EUR","og_availability":"instock","product_availability":"instock","product_condition":"new"},"_links":{"self":[{"href":"https:\/\/cha.ee\/en\/wp-json\/wp\/v2\/product\/138421","targetHints":{"allow":["GET"]}}],"collection":[{"href":"https:\/\/cha.ee\/en\/wp-json\/wp\/v2\/product"}],"about":[{"href":"https:\/\/cha.ee\/en\/wp-json\/wp\/v2\/types\/product"}],"wp:featuredmedia":[{"embeddable":true,"href":"https:\/\/cha.ee\/en\/wp-json\/wp\/v2\/media\/138422"}],"wp:attachment":[{"href":"https:\/\/cha.ee\/en\/wp-json\/wp\/v2\/media?parent=138421"}],"wp:term":[{"taxonomy":"product_brand","embeddable":true,"href":"https:\/\/cha.ee\/en\/wp-json\/wp\/v2\/product_brand?post=138421"},{"taxonomy":"product_cat","embeddable":true,"href":"https:\/\/cha.ee\/en\/wp-json\/wp\/v2\/product_cat?post=138421"},{"taxonomy":"product_tag","embeddable":true,"href":"https:\/\/cha.ee\/en\/wp-json\/wp\/v2\/product_tag?post=138421"}],"curies":[{"name":"wp","href":"https:\/\/api.w.org\/{rel}","templated":true}]}}