{"id":138427,"date":"2025-11-11T14:49:29","date_gmt":"2025-11-11T12:49:29","guid":{"rendered":"https:\/\/cha.ee\/?post_type=product&#038;p=138427"},"modified":"2026-01-08T14:30:39","modified_gmt":"2026-01-08T12:30:39","slug":"kusmi-spearmint-green-tea-100g","status":"publish","type":"product","link":"https:\/\/cha.ee\/en\/pood\/kusmi-spearmint-green-tea-100g\/","title":{"rendered":"Tee Kusmi Spearmint Green Tea 100g"},"content":{"rendered":"<p>Kusmi Spearmint Green Tea \u2013 mahe piparm\u00fcndi roheline tee, 100 g<\/p>\n<p>Reisi Marokosse iga lonksuga \u2013 Kusmi Spearmint Green Tea viib sind hetkega p\u00e4ikese alla, oaaside ja liivaluidete vahele, pakkudes t\u00f5eliselt v\u00e4rskendavat teehetke.<\/p>\n<p>See klassikaline maitseelamus \u00fchendab mahedate piparm\u00fcndilehtede jahutava aroomi ja Gunpowder rohelise tee s\u00fcgava iseloomu, luues elava ja tasakaalustatud segu. Iga t\u00f5mbega vallandub aroom, mis \u00e4ratab meeled ja j\u00e4tab suhu m\u00f5nusa, pehme v\u00e4rskuse.<\/p>\n<p>Traditsiooniliselt serveeritakse piparm\u00fcnditeed k\u00f5rgest kannust, valades vett kaarega klaasi, et vabastada kogu selle elav l\u00f5hn \u2013 sama kombestikku v\u00f5id nautida ka kodus.<br \/>\nSpearmint Green Tea sobib ideaalselt nii kuumalt kui ka j\u00e4\u00e4teena, olles eriti nauditav suvep\u00e4evadel v\u00f5i p\u00e4rast s\u00f6\u00f6ki seedimist toetava joogina.<\/p>\n<p>T\u00e4iuslik hetk l\u00f5\u00f5gastumiseks \u2013 kus iganes sa oled.<\/p>\n<p>Valmistamine: kasuta 75 \u00b0C kuuma vett ja lase t\u00f5mmata 3\u20134 minutit.<\/p>\n<p>Koostisosad: roheline tee*, piparm\u00fcndilehed* (5%), looduslik piparm\u00fcndimaitseaine. (*mahep\u00f5llumajandusest)<br \/>\nNetokogus: 100 g.<\/p>\n","protected":false},"excerpt":{"rendered":"<p>Kusmi Spearmint Green Tea \u2013 mahe piparm\u00fcndi roheline tee, 100 g<\/p>\n<p>Marokost inspireeritud mahe roheline tee piparm\u00fcndi v\u00e4rskusega. Elav, jahutav ja tasakaalukas segu, sobib ideaalselt nii kuumalt kui j\u00e4\u00e4teena.<\/p>\n<p>Valmistamine: kasuta 75 \u00b0C kuuma vett ja lase t\u00f5mmata 3\u20134 minutit.<br \/>\nKoostisosad: roheline tee*, piparm\u00fcndilehed* (5%), looduslik piparm\u00fcndimaitseaine (*mahep\u00f5llumajandusest).<\/p>\n","protected":false},"featured_media":138428,"template":"","meta":[],"product_brand":[],"product_cat":[276],"product_tag":[],"class_list":{"0":"post-138427","1":"product","2":"type-product","3":"status-publish","4":"has-post-thumbnail","6":"product_cat-kusmi-orgaanilised-puruteed","8":"first","9":"instock","10":"sale","11":"taxable","12":"shipping-taxable","13":"purchasable","14":"product-type-simple"},"yoast_head":"<!-- This site is optimized with the Yoast SEO Premium plugin v25.7.1 (Yoast SEO v27.6) - https:\/\/yoast.com\/product\/yoast-seo-premium-wordpress\/ -->\n<title>Tee Kusmi Spearmint Green Tea 100g | Cha<\/title>\n<meta name=\"description\" content=\"Kusmi Spearmint Green Tea \u2013 v\u00e4rskendav ja mahe roheline tee piparm\u00fcndi nootidega. Marokost inspireeritud klassika, ideaalne nii kuumalt kui j\u00e4\u00e4teena.\" \/>\n<meta name=\"robots\" content=\"index, follow, max-snippet:-1, max-image-preview:large, max-video-preview:-1\" \/>\n<link rel=\"canonical\" href=\"https:\/\/cha.ee\/en\/pood\/kusmi-spearmint-green-tea-100g\/\" \/>\n<meta property=\"og:locale\" content=\"en_US\" \/>\n<meta property=\"og:type\" content=\"article\" \/>\n<meta property=\"og:title\" content=\"Tee Kusmi Spearmint Green Tea 100g\" \/>\n<meta property=\"og:description\" content=\"Kusmi Spearmint Green Tea \u2013 v\u00e4rskendav ja mahe roheline tee piparm\u00fcndi nootidega. Marokost inspireeritud klassika, ideaalne nii kuumalt kui j\u00e4\u00e4teena.\" \/>\n<meta property=\"og:url\" content=\"https:\/\/cha.ee\/en\/pood\/kusmi-spearmint-green-tea-100g\/\" \/>\n<meta property=\"og:site_name\" content=\"Cha\" \/>\n<meta property=\"article:publisher\" content=\"https:\/\/www.facebook.com\/probiootiline\" \/>\n<meta property=\"article:modified_time\" content=\"2026-01-08T12:30:39+00:00\" \/>\n<meta property=\"og:image\" content=\"https:\/\/cha.ee\/wp-content\/uploads\/2025\/11\/Kusmi-purgid-RUUT-9.png\" \/>\n\t<meta property=\"og:image:width\" content=\"1000\" \/>\n\t<meta property=\"og:image:height\" content=\"1000\" \/>\n\t<meta property=\"og:image:type\" content=\"image\/png\" \/>\n<meta name=\"twitter:card\" content=\"summary_large_image\" \/>\n<meta name=\"twitter:label1\" content=\"Price\" \/>\n\t<meta name=\"twitter:data1\" content=\"16,60&nbsp;&euro;\" \/>\n\t<meta name=\"twitter:label2\" content=\"Availability\" \/>\n\t<meta name=\"twitter:data2\" content=\"In stock\" \/>\n<script type=\"application\/ld+json\" class=\"yoast-schema-graph\">{\"@context\":\"https:\\\/\\\/schema.org\",\"@graph\":[{\"@type\":\"WebPage\",\"@id\":\"https:\\\/\\\/cha.ee\\\/en\\\/pood\\\/kusmi-spearmint-green-tea-100g\\\/\",\"url\":\"https:\\\/\\\/cha.ee\\\/en\\\/pood\\\/kusmi-spearmint-green-tea-100g\\\/\",\"name\":\"Tee Kusmi Spearmint Green Tea 100g | Cha\",\"isPartOf\":{\"@id\":\"https:\\\/\\\/cha.ee\\\/en\\\/#website\"},\"primaryImageOfPage\":{\"@id\":\"https:\\\/\\\/cha.ee\\\/en\\\/pood\\\/kusmi-spearmint-green-tea-100g\\\/#primaryimage\"},\"image\":{\"@id\":\"https:\\\/\\\/cha.ee\\\/en\\\/pood\\\/kusmi-spearmint-green-tea-100g\\\/#primaryimage\"},\"thumbnailUrl\":\"https:\\\/\\\/cha.ee\\\/wp-content\\\/uploads\\\/2025\\\/11\\\/Kusmi-purgid-RUUT-9.png\",\"datePublished\":\"2025-11-11T12:49:29+00:00\",\"dateModified\":\"2026-01-08T12:30:39+00:00\",\"description\":\"Kusmi Spearmint Green Tea \u2013 v\u00e4rskendav ja mahe roheline tee piparm\u00fcndi nootidega. Marokost inspireeritud klassika, ideaalne nii kuumalt kui j\u00e4\u00e4teena.\",\"breadcrumb\":{\"@id\":\"https:\\\/\\\/cha.ee\\\/en\\\/pood\\\/kusmi-spearmint-green-tea-100g\\\/#breadcrumb\"},\"inLanguage\":\"en-US\",\"potentialAction\":[{\"@type\":\"ReadAction\",\"target\":[\"https:\\\/\\\/cha.ee\\\/en\\\/pood\\\/kusmi-spearmint-green-tea-100g\\\/\"]}]},{\"@type\":\"ImageObject\",\"inLanguage\":\"en-US\",\"@id\":\"https:\\\/\\\/cha.ee\\\/en\\\/pood\\\/kusmi-spearmint-green-tea-100g\\\/#primaryimage\",\"url\":\"https:\\\/\\\/cha.ee\\\/wp-content\\\/uploads\\\/2025\\\/11\\\/Kusmi-purgid-RUUT-9.png\",\"contentUrl\":\"https:\\\/\\\/cha.ee\\\/wp-content\\\/uploads\\\/2025\\\/11\\\/Kusmi-purgid-RUUT-9.png\",\"width\":1000,\"height\":1000},{\"@type\":\"BreadcrumbList\",\"@id\":\"https:\\\/\\\/cha.ee\\\/en\\\/pood\\\/kusmi-spearmint-green-tea-100g\\\/#breadcrumb\",\"itemListElement\":[{\"@type\":\"ListItem\",\"position\":1,\"name\":\"Esileht\",\"item\":\"https:\\\/\\\/cha.ee\\\/en\\\/\"},{\"@type\":\"ListItem\",\"position\":2,\"name\":\"Shop at\",\"item\":\"https:\\\/\\\/cha.ee\\\/en\\\/shop-at\\\/\"},{\"@type\":\"ListItem\",\"position\":3,\"name\":\"Tee Kusmi Spearmint Green Tea 100g\"}]},{\"@type\":\"WebSite\",\"@id\":\"https:\\\/\\\/cha.ee\\\/en\\\/#website\",\"url\":\"https:\\\/\\\/cha.ee\\\/en\\\/\",\"name\":\"Cha\",\"description\":\"Organic Tea for All\",\"publisher\":{\"@id\":\"https:\\\/\\\/cha.ee\\\/en\\\/#organization\"},\"alternateName\":\"Pro&Bio\",\"potentialAction\":[{\"@type\":\"SearchAction\",\"target\":{\"@type\":\"EntryPoint\",\"urlTemplate\":\"https:\\\/\\\/cha.ee\\\/en\\\/?s={search_term_string}\"},\"query-input\":{\"@type\":\"PropertyValueSpecification\",\"valueRequired\":true,\"valueName\":\"search_term_string\"}}],\"inLanguage\":\"en-US\"},{\"@type\":\"Organization\",\"@id\":\"https:\\\/\\\/cha.ee\\\/en\\\/#organization\",\"name\":\"Probio Group O\u00dc\",\"alternateName\":\"Pro&Bio\",\"url\":\"https:\\\/\\\/cha.ee\\\/en\\\/\",\"logo\":{\"@type\":\"ImageObject\",\"inLanguage\":\"en-US\",\"@id\":\"https:\\\/\\\/cha.ee\\\/en\\\/#\\\/schema\\\/logo\\\/image\\\/\",\"url\":\"https:\\\/\\\/cha.ee\\\/wp-content\\\/uploads\\\/2024\\\/01\\\/Naomi-Goodwin-2-transparent.webp\",\"contentUrl\":\"https:\\\/\\\/cha.ee\\\/wp-content\\\/uploads\\\/2024\\\/01\\\/Naomi-Goodwin-2-transparent.webp\",\"width\":1986,\"height\":1966,\"caption\":\"Probio Group O\u00dc\"},\"image\":{\"@id\":\"https:\\\/\\\/cha.ee\\\/en\\\/#\\\/schema\\\/logo\\\/image\\\/\"},\"sameAs\":[\"https:\\\/\\\/www.facebook.com\\\/probiootiline\",\"https:\\\/\\\/www.instagram.com\\\/probiootiline\\\/\"]}]}<\/script>\n<meta property=\"product:price:amount\" content=\"16.60\" \/>\n<meta property=\"product:price:currency\" content=\"EUR\" \/>\n<meta property=\"og:availability\" content=\"instock\" \/>\n<meta property=\"product:availability\" content=\"instock\" \/>\n<meta property=\"product:condition\" content=\"new\" \/>\n<!-- \/ Yoast SEO Premium plugin. -->","yoast_head_json":{"title":"Tee Kusmi Spearmint Green Tea 100g | Cha","description":"Kusmi Spearmint Green Tea \u2013 v\u00e4rskendav ja mahe roheline tee piparm\u00fcndi nootidega. Marokost inspireeritud klassika, ideaalne nii kuumalt kui j\u00e4\u00e4teena.","robots":{"index":"index","follow":"follow","max-snippet":"max-snippet:-1","max-image-preview":"max-image-preview:large","max-video-preview":"max-video-preview:-1"},"canonical":"https:\/\/cha.ee\/en\/pood\/kusmi-spearmint-green-tea-100g\/","og_locale":"en_US","og_type":"article","og_title":"Tee Kusmi Spearmint Green Tea 100g","og_description":"Kusmi Spearmint Green Tea \u2013 v\u00e4rskendav ja mahe roheline tee piparm\u00fcndi nootidega. Marokost inspireeritud klassika, ideaalne nii kuumalt kui j\u00e4\u00e4teena.","og_url":"https:\/\/cha.ee\/en\/pood\/kusmi-spearmint-green-tea-100g\/","og_site_name":"Cha","article_publisher":"https:\/\/www.facebook.com\/probiootiline","article_modified_time":"2026-01-08T12:30:39+00:00","og_image":[{"width":1000,"height":1000,"url":"https:\/\/cha.ee\/wp-content\/uploads\/2025\/11\/Kusmi-purgid-RUUT-9.png","type":"image\/png"}],"twitter_card":"summary_large_image","twitter_misc":{"Price":"16,60&nbsp;&euro;","Availability":"In stock"},"schema":{"@context":"https:\/\/schema.org","@graph":[{"@type":"WebPage","@id":"https:\/\/cha.ee\/en\/pood\/kusmi-spearmint-green-tea-100g\/","url":"https:\/\/cha.ee\/en\/pood\/kusmi-spearmint-green-tea-100g\/","name":"Tee Kusmi Spearmint Green Tea 100g | Cha","isPartOf":{"@id":"https:\/\/cha.ee\/en\/#website"},"primaryImageOfPage":{"@id":"https:\/\/cha.ee\/en\/pood\/kusmi-spearmint-green-tea-100g\/#primaryimage"},"image":{"@id":"https:\/\/cha.ee\/en\/pood\/kusmi-spearmint-green-tea-100g\/#primaryimage"},"thumbnailUrl":"https:\/\/cha.ee\/wp-content\/uploads\/2025\/11\/Kusmi-purgid-RUUT-9.png","datePublished":"2025-11-11T12:49:29+00:00","dateModified":"2026-01-08T12:30:39+00:00","description":"Kusmi Spearmint Green Tea \u2013 v\u00e4rskendav ja mahe roheline tee piparm\u00fcndi nootidega. Marokost inspireeritud klassika, ideaalne nii kuumalt kui j\u00e4\u00e4teena.","breadcrumb":{"@id":"https:\/\/cha.ee\/en\/pood\/kusmi-spearmint-green-tea-100g\/#breadcrumb"},"inLanguage":"en-US","potentialAction":[{"@type":"ReadAction","target":["https:\/\/cha.ee\/en\/pood\/kusmi-spearmint-green-tea-100g\/"]}]},{"@type":"ImageObject","inLanguage":"en-US","@id":"https:\/\/cha.ee\/en\/pood\/kusmi-spearmint-green-tea-100g\/#primaryimage","url":"https:\/\/cha.ee\/wp-content\/uploads\/2025\/11\/Kusmi-purgid-RUUT-9.png","contentUrl":"https:\/\/cha.ee\/wp-content\/uploads\/2025\/11\/Kusmi-purgid-RUUT-9.png","width":1000,"height":1000},{"@type":"BreadcrumbList","@id":"https:\/\/cha.ee\/en\/pood\/kusmi-spearmint-green-tea-100g\/#breadcrumb","itemListElement":[{"@type":"ListItem","position":1,"name":"Esileht","item":"https:\/\/cha.ee\/en\/"},{"@type":"ListItem","position":2,"name":"Shop at","item":"https:\/\/cha.ee\/en\/shop-at\/"},{"@type":"ListItem","position":3,"name":"Tee Kusmi Spearmint Green Tea 100g"}]},{"@type":"WebSite","@id":"https:\/\/cha.ee\/en\/#website","url":"https:\/\/cha.ee\/en\/","name":"Cha","description":"Organic Tea for All","publisher":{"@id":"https:\/\/cha.ee\/en\/#organization"},"alternateName":"Pro&Bio","potentialAction":[{"@type":"SearchAction","target":{"@type":"EntryPoint","urlTemplate":"https:\/\/cha.ee\/en\/?s={search_term_string}"},"query-input":{"@type":"PropertyValueSpecification","valueRequired":true,"valueName":"search_term_string"}}],"inLanguage":"en-US"},{"@type":"Organization","@id":"https:\/\/cha.ee\/en\/#organization","name":"Probio Group O\u00dc","alternateName":"Pro&Bio","url":"https:\/\/cha.ee\/en\/","logo":{"@type":"ImageObject","inLanguage":"en-US","@id":"https:\/\/cha.ee\/en\/#\/schema\/logo\/image\/","url":"https:\/\/cha.ee\/wp-content\/uploads\/2024\/01\/Naomi-Goodwin-2-transparent.webp","contentUrl":"https:\/\/cha.ee\/wp-content\/uploads\/2024\/01\/Naomi-Goodwin-2-transparent.webp","width":1986,"height":1966,"caption":"Probio Group O\u00dc"},"image":{"@id":"https:\/\/cha.ee\/en\/#\/schema\/logo\/image\/"},"sameAs":["https:\/\/www.facebook.com\/probiootiline","https:\/\/www.instagram.com\/probiootiline\/"]}]},"product_price_amount":"16.60","product_price_currency":"EUR","og_availability":"instock","product_availability":"instock","product_condition":"new"},"_links":{"self":[{"href":"https:\/\/cha.ee\/en\/wp-json\/wp\/v2\/product\/138427","targetHints":{"allow":["GET"]}}],"collection":[{"href":"https:\/\/cha.ee\/en\/wp-json\/wp\/v2\/product"}],"about":[{"href":"https:\/\/cha.ee\/en\/wp-json\/wp\/v2\/types\/product"}],"wp:featuredmedia":[{"embeddable":true,"href":"https:\/\/cha.ee\/en\/wp-json\/wp\/v2\/media\/138428"}],"wp:attachment":[{"href":"https:\/\/cha.ee\/en\/wp-json\/wp\/v2\/media?parent=138427"}],"wp:term":[{"taxonomy":"product_brand","embeddable":true,"href":"https:\/\/cha.ee\/en\/wp-json\/wp\/v2\/product_brand?post=138427"},{"taxonomy":"product_cat","embeddable":true,"href":"https:\/\/cha.ee\/en\/wp-json\/wp\/v2\/product_cat?post=138427"},{"taxonomy":"product_tag","embeddable":true,"href":"https:\/\/cha.ee\/en\/wp-json\/wp\/v2\/product_tag?post=138427"}],"curies":[{"name":"wp","href":"https:\/\/api.w.org\/{rel}","templated":true}]}}