{"id":138433,"date":"2025-11-11T14:56:16","date_gmt":"2025-11-11T12:56:16","guid":{"rendered":"https:\/\/cha.ee\/?post_type=product&#038;p=138433"},"modified":"2025-11-11T14:56:17","modified_gmt":"2025-11-11T12:56:17","slug":"kusmi-earl-grey-100g","status":"publish","type":"product","link":"https:\/\/cha.ee\/en\/pood\/kusmi-earl-grey-100g\/","title":{"rendered":"Tee Kusmi Earl Grey 100g"},"content":{"rendered":"<p>Kusmi Earl Grey \u2013 mahe must tee bergamotiga, 100 g<\/p>\n<p>Ajatu klassika, mis ei vaja tutvustamist \u2013 Kusmi Earl Grey on maailma \u00fcks tuntumaid ja armastatumaid teesid, n\u00fc\u00fcd saadaval t\u00e4iesti mahedas versioonis.<\/p>\n<p>See tee \u00fchendab tugeva, kvaliteetse musta tee ja orgaanilise bergamoti eeterliku \u00f5li, mis on p\u00e4rit otse Sitsiiliast. Tulemus on elegantne, kergelt tsitruseline ja harmooniliselt aromaatne jook, mis on sama v\u00e4rske ja peen kui esmaklassiline parf\u00fc\u00fcm.<\/p>\n<p>Earl Grey on t\u00f5eline teemaailma ikoon \u2013 tee, mis on olnud igaveste traditsioonide ja ajatu stiili s\u00fcmbol. Seda on nauditav juua nii puhtalt kui ka tilga piimaga ning see sobib ideaalselt igap\u00e4evaseks teehetkeks, olgu hommikul, p\u00e4rastl\u00f5unal v\u00f5i k\u00fclaliste v\u00f5\u00f5rustamiseks.<\/p>\n<p>Kui moevoolud vahetuvad, siis Earl Grey j\u00e4\u00e4b \u2013 oma v\u00e4\u00e4rika lihtsuse ja ajatu maitse t\u00f5ttu.<\/p>\n<p>Valmistamine: kasuta 90 \u00b0C kuuma vett ja lase t\u00f5mmata 3\u20135 minutit.<\/p>\n<p>Koostisosad: must tee*, bergamoti eeterlik \u00f5li. (*mahep\u00f5llumajandusest)<br \/>\nNetokogus: 100 g.<\/p>\n","protected":false},"excerpt":{"rendered":"<p>Kusmi Earl Grey \u2013 mahe must tee bergamotiga, 100 g<\/p>\n<p>Ajatu klassika \u2013 mahe must tee Sitsiilia bergamoti eeterliku \u00f5liga. Elegantne, aromaatne ja alati moes. T\u00e4iuslik valik iga teehetke juurde.<\/p>\n<p>Valmistamine: kasuta 90 \u00b0C kuuma vett ja lase t\u00f5mmata 3\u20135 minutit.<br \/>\nKoostisosad: must tee*, bergamoti eeterlik \u00f5li. (*mahep\u00f5llumajandusest)<\/p>\n","protected":false},"featured_media":138434,"template":"","meta":[],"product_brand":[],"product_cat":[276],"product_tag":[],"class_list":{"0":"post-138433","1":"product","2":"type-product","3":"status-publish","4":"has-post-thumbnail","6":"product_cat-kusmi-orgaanilised-puruteed","8":"first","9":"instock","10":"taxable","11":"shipping-taxable","12":"purchasable","13":"product-type-simple"},"yoast_head":"<!-- This site is optimized with the Yoast SEO Premium plugin v25.7.1 (Yoast SEO v27.6) - https:\/\/yoast.com\/product\/yoast-seo-premium-wordpress\/ -->\n<title>Tee Kusmi Earl Grey 100g | Cha<\/title>\n<meta name=\"description\" content=\"Kusmi Earl Grey \u2013 mahe must tee bergamoti eeterliku \u00f5liga Sitsiiliast. Ajatu klassika, mis \u00fchendab elegantsi, v\u00e4rskuse ja t\u00e4iusliku tasakaalu.\" \/>\n<meta name=\"robots\" content=\"index, follow, max-snippet:-1, max-image-preview:large, max-video-preview:-1\" \/>\n<link rel=\"canonical\" href=\"https:\/\/cha.ee\/en\/pood\/kusmi-earl-grey-100g\/\" \/>\n<meta property=\"og:locale\" content=\"en_US\" \/>\n<meta property=\"og:type\" content=\"article\" \/>\n<meta property=\"og:title\" content=\"Tee Kusmi Earl Grey 100g\" \/>\n<meta property=\"og:description\" content=\"Kusmi Earl Grey \u2013 mahe must tee bergamoti eeterliku \u00f5liga Sitsiiliast. Ajatu klassika, mis \u00fchendab elegantsi, v\u00e4rskuse ja t\u00e4iusliku tasakaalu.\" \/>\n<meta property=\"og:url\" content=\"https:\/\/cha.ee\/en\/pood\/kusmi-earl-grey-100g\/\" \/>\n<meta property=\"og:site_name\" content=\"Cha\" \/>\n<meta property=\"article:publisher\" content=\"https:\/\/www.facebook.com\/probiootiline\" \/>\n<meta property=\"article:modified_time\" content=\"2025-11-11T12:56:17+00:00\" \/>\n<meta property=\"og:image\" content=\"https:\/\/cha.ee\/wp-content\/uploads\/2025\/11\/Kusmi-purgid-RUUT-11.png\" \/>\n\t<meta property=\"og:image:width\" content=\"1000\" \/>\n\t<meta property=\"og:image:height\" content=\"1000\" \/>\n\t<meta property=\"og:image:type\" content=\"image\/png\" \/>\n<meta name=\"twitter:card\" content=\"summary_large_image\" \/>\n<meta name=\"twitter:label1\" content=\"Price\" \/>\n\t<meta name=\"twitter:data1\" content=\"18,75&nbsp;&euro;\" \/>\n\t<meta name=\"twitter:label2\" content=\"Availability\" \/>\n\t<meta name=\"twitter:data2\" content=\"In stock\" \/>\n<script type=\"application\/ld+json\" class=\"yoast-schema-graph\">{\"@context\":\"https:\\\/\\\/schema.org\",\"@graph\":[{\"@type\":\"WebPage\",\"@id\":\"https:\\\/\\\/cha.ee\\\/en\\\/pood\\\/kusmi-earl-grey-100g\\\/\",\"url\":\"https:\\\/\\\/cha.ee\\\/en\\\/pood\\\/kusmi-earl-grey-100g\\\/\",\"name\":\"Tee Kusmi Earl Grey 100g | Cha\",\"isPartOf\":{\"@id\":\"https:\\\/\\\/cha.ee\\\/en\\\/#website\"},\"primaryImageOfPage\":{\"@id\":\"https:\\\/\\\/cha.ee\\\/en\\\/pood\\\/kusmi-earl-grey-100g\\\/#primaryimage\"},\"image\":{\"@id\":\"https:\\\/\\\/cha.ee\\\/en\\\/pood\\\/kusmi-earl-grey-100g\\\/#primaryimage\"},\"thumbnailUrl\":\"https:\\\/\\\/cha.ee\\\/wp-content\\\/uploads\\\/2025\\\/11\\\/Kusmi-purgid-RUUT-11.png\",\"datePublished\":\"2025-11-11T12:56:16+00:00\",\"dateModified\":\"2025-11-11T12:56:17+00:00\",\"description\":\"Kusmi Earl Grey \u2013 mahe must tee bergamoti eeterliku \u00f5liga Sitsiiliast. Ajatu klassika, mis \u00fchendab elegantsi, v\u00e4rskuse ja t\u00e4iusliku tasakaalu.\",\"breadcrumb\":{\"@id\":\"https:\\\/\\\/cha.ee\\\/en\\\/pood\\\/kusmi-earl-grey-100g\\\/#breadcrumb\"},\"inLanguage\":\"en-US\",\"potentialAction\":[{\"@type\":\"ReadAction\",\"target\":[\"https:\\\/\\\/cha.ee\\\/en\\\/pood\\\/kusmi-earl-grey-100g\\\/\"]}]},{\"@type\":\"ImageObject\",\"inLanguage\":\"en-US\",\"@id\":\"https:\\\/\\\/cha.ee\\\/en\\\/pood\\\/kusmi-earl-grey-100g\\\/#primaryimage\",\"url\":\"https:\\\/\\\/cha.ee\\\/wp-content\\\/uploads\\\/2025\\\/11\\\/Kusmi-purgid-RUUT-11.png\",\"contentUrl\":\"https:\\\/\\\/cha.ee\\\/wp-content\\\/uploads\\\/2025\\\/11\\\/Kusmi-purgid-RUUT-11.png\",\"width\":1000,\"height\":1000},{\"@type\":\"BreadcrumbList\",\"@id\":\"https:\\\/\\\/cha.ee\\\/en\\\/pood\\\/kusmi-earl-grey-100g\\\/#breadcrumb\",\"itemListElement\":[{\"@type\":\"ListItem\",\"position\":1,\"name\":\"Esileht\",\"item\":\"https:\\\/\\\/cha.ee\\\/en\\\/\"},{\"@type\":\"ListItem\",\"position\":2,\"name\":\"Shop at\",\"item\":\"https:\\\/\\\/cha.ee\\\/en\\\/shop-at\\\/\"},{\"@type\":\"ListItem\",\"position\":3,\"name\":\"Tee Kusmi Earl Grey 100g\"}]},{\"@type\":\"WebSite\",\"@id\":\"https:\\\/\\\/cha.ee\\\/en\\\/#website\",\"url\":\"https:\\\/\\\/cha.ee\\\/en\\\/\",\"name\":\"Cha\",\"description\":\"Organic Tea for All\",\"publisher\":{\"@id\":\"https:\\\/\\\/cha.ee\\\/en\\\/#organization\"},\"alternateName\":\"Pro&Bio\",\"potentialAction\":[{\"@type\":\"SearchAction\",\"target\":{\"@type\":\"EntryPoint\",\"urlTemplate\":\"https:\\\/\\\/cha.ee\\\/en\\\/?s={search_term_string}\"},\"query-input\":{\"@type\":\"PropertyValueSpecification\",\"valueRequired\":true,\"valueName\":\"search_term_string\"}}],\"inLanguage\":\"en-US\"},{\"@type\":\"Organization\",\"@id\":\"https:\\\/\\\/cha.ee\\\/en\\\/#organization\",\"name\":\"Probio Group O\u00dc\",\"alternateName\":\"Pro&Bio\",\"url\":\"https:\\\/\\\/cha.ee\\\/en\\\/\",\"logo\":{\"@type\":\"ImageObject\",\"inLanguage\":\"en-US\",\"@id\":\"https:\\\/\\\/cha.ee\\\/en\\\/#\\\/schema\\\/logo\\\/image\\\/\",\"url\":\"https:\\\/\\\/cha.ee\\\/wp-content\\\/uploads\\\/2024\\\/01\\\/Naomi-Goodwin-2-transparent.webp\",\"contentUrl\":\"https:\\\/\\\/cha.ee\\\/wp-content\\\/uploads\\\/2024\\\/01\\\/Naomi-Goodwin-2-transparent.webp\",\"width\":1986,\"height\":1966,\"caption\":\"Probio Group O\u00dc\"},\"image\":{\"@id\":\"https:\\\/\\\/cha.ee\\\/en\\\/#\\\/schema\\\/logo\\\/image\\\/\"},\"sameAs\":[\"https:\\\/\\\/www.facebook.com\\\/probiootiline\",\"https:\\\/\\\/www.instagram.com\\\/probiootiline\\\/\"]}]}<\/script>\n<meta property=\"product:price:amount\" content=\"18.75\" \/>\n<meta property=\"product:price:currency\" content=\"EUR\" \/>\n<meta property=\"og:availability\" content=\"instock\" \/>\n<meta property=\"product:availability\" content=\"instock\" \/>\n<meta property=\"product:condition\" content=\"new\" \/>\n<!-- \/ Yoast SEO Premium plugin. -->","yoast_head_json":{"title":"Tee Kusmi Earl Grey 100g | Cha","description":"Kusmi Earl Grey \u2013 mahe must tee bergamoti eeterliku \u00f5liga Sitsiiliast. Ajatu klassika, mis \u00fchendab elegantsi, v\u00e4rskuse ja t\u00e4iusliku tasakaalu.","robots":{"index":"index","follow":"follow","max-snippet":"max-snippet:-1","max-image-preview":"max-image-preview:large","max-video-preview":"max-video-preview:-1"},"canonical":"https:\/\/cha.ee\/en\/pood\/kusmi-earl-grey-100g\/","og_locale":"en_US","og_type":"article","og_title":"Tee Kusmi Earl Grey 100g","og_description":"Kusmi Earl Grey \u2013 mahe must tee bergamoti eeterliku \u00f5liga Sitsiiliast. Ajatu klassika, mis \u00fchendab elegantsi, v\u00e4rskuse ja t\u00e4iusliku tasakaalu.","og_url":"https:\/\/cha.ee\/en\/pood\/kusmi-earl-grey-100g\/","og_site_name":"Cha","article_publisher":"https:\/\/www.facebook.com\/probiootiline","article_modified_time":"2025-11-11T12:56:17+00:00","og_image":[{"width":1000,"height":1000,"url":"https:\/\/cha.ee\/wp-content\/uploads\/2025\/11\/Kusmi-purgid-RUUT-11.png","type":"image\/png"}],"twitter_card":"summary_large_image","twitter_misc":{"Price":"18,75&nbsp;&euro;","Availability":"In stock"},"schema":{"@context":"https:\/\/schema.org","@graph":[{"@type":"WebPage","@id":"https:\/\/cha.ee\/en\/pood\/kusmi-earl-grey-100g\/","url":"https:\/\/cha.ee\/en\/pood\/kusmi-earl-grey-100g\/","name":"Tee Kusmi Earl Grey 100g | Cha","isPartOf":{"@id":"https:\/\/cha.ee\/en\/#website"},"primaryImageOfPage":{"@id":"https:\/\/cha.ee\/en\/pood\/kusmi-earl-grey-100g\/#primaryimage"},"image":{"@id":"https:\/\/cha.ee\/en\/pood\/kusmi-earl-grey-100g\/#primaryimage"},"thumbnailUrl":"https:\/\/cha.ee\/wp-content\/uploads\/2025\/11\/Kusmi-purgid-RUUT-11.png","datePublished":"2025-11-11T12:56:16+00:00","dateModified":"2025-11-11T12:56:17+00:00","description":"Kusmi Earl Grey \u2013 mahe must tee bergamoti eeterliku \u00f5liga Sitsiiliast. Ajatu klassika, mis \u00fchendab elegantsi, v\u00e4rskuse ja t\u00e4iusliku tasakaalu.","breadcrumb":{"@id":"https:\/\/cha.ee\/en\/pood\/kusmi-earl-grey-100g\/#breadcrumb"},"inLanguage":"en-US","potentialAction":[{"@type":"ReadAction","target":["https:\/\/cha.ee\/en\/pood\/kusmi-earl-grey-100g\/"]}]},{"@type":"ImageObject","inLanguage":"en-US","@id":"https:\/\/cha.ee\/en\/pood\/kusmi-earl-grey-100g\/#primaryimage","url":"https:\/\/cha.ee\/wp-content\/uploads\/2025\/11\/Kusmi-purgid-RUUT-11.png","contentUrl":"https:\/\/cha.ee\/wp-content\/uploads\/2025\/11\/Kusmi-purgid-RUUT-11.png","width":1000,"height":1000},{"@type":"BreadcrumbList","@id":"https:\/\/cha.ee\/en\/pood\/kusmi-earl-grey-100g\/#breadcrumb","itemListElement":[{"@type":"ListItem","position":1,"name":"Esileht","item":"https:\/\/cha.ee\/en\/"},{"@type":"ListItem","position":2,"name":"Shop at","item":"https:\/\/cha.ee\/en\/shop-at\/"},{"@type":"ListItem","position":3,"name":"Tee Kusmi Earl Grey 100g"}]},{"@type":"WebSite","@id":"https:\/\/cha.ee\/en\/#website","url":"https:\/\/cha.ee\/en\/","name":"Cha","description":"Organic Tea for All","publisher":{"@id":"https:\/\/cha.ee\/en\/#organization"},"alternateName":"Pro&Bio","potentialAction":[{"@type":"SearchAction","target":{"@type":"EntryPoint","urlTemplate":"https:\/\/cha.ee\/en\/?s={search_term_string}"},"query-input":{"@type":"PropertyValueSpecification","valueRequired":true,"valueName":"search_term_string"}}],"inLanguage":"en-US"},{"@type":"Organization","@id":"https:\/\/cha.ee\/en\/#organization","name":"Probio Group O\u00dc","alternateName":"Pro&Bio","url":"https:\/\/cha.ee\/en\/","logo":{"@type":"ImageObject","inLanguage":"en-US","@id":"https:\/\/cha.ee\/en\/#\/schema\/logo\/image\/","url":"https:\/\/cha.ee\/wp-content\/uploads\/2024\/01\/Naomi-Goodwin-2-transparent.webp","contentUrl":"https:\/\/cha.ee\/wp-content\/uploads\/2024\/01\/Naomi-Goodwin-2-transparent.webp","width":1986,"height":1966,"caption":"Probio Group O\u00dc"},"image":{"@id":"https:\/\/cha.ee\/en\/#\/schema\/logo\/image\/"},"sameAs":["https:\/\/www.facebook.com\/probiootiline","https:\/\/www.instagram.com\/probiootiline\/"]}]},"product_price_amount":"18.75","product_price_currency":"EUR","og_availability":"instock","product_availability":"instock","product_condition":"new"},"_links":{"self":[{"href":"https:\/\/cha.ee\/en\/wp-json\/wp\/v2\/product\/138433","targetHints":{"allow":["GET"]}}],"collection":[{"href":"https:\/\/cha.ee\/en\/wp-json\/wp\/v2\/product"}],"about":[{"href":"https:\/\/cha.ee\/en\/wp-json\/wp\/v2\/types\/product"}],"wp:featuredmedia":[{"embeddable":true,"href":"https:\/\/cha.ee\/en\/wp-json\/wp\/v2\/media\/138434"}],"wp:attachment":[{"href":"https:\/\/cha.ee\/en\/wp-json\/wp\/v2\/media?parent=138433"}],"wp:term":[{"taxonomy":"product_brand","embeddable":true,"href":"https:\/\/cha.ee\/en\/wp-json\/wp\/v2\/product_brand?post=138433"},{"taxonomy":"product_cat","embeddable":true,"href":"https:\/\/cha.ee\/en\/wp-json\/wp\/v2\/product_cat?post=138433"},{"taxonomy":"product_tag","embeddable":true,"href":"https:\/\/cha.ee\/en\/wp-json\/wp\/v2\/product_tag?post=138433"}],"curies":[{"name":"wp","href":"https:\/\/api.w.org\/{rel}","templated":true}]}}