{"id":138504,"date":"2026-01-08T14:27:25","date_gmt":"2026-01-08T12:27:25","guid":{"rendered":"https:\/\/cha.ee\/?post_type=product&#038;p=138504"},"modified":"2026-03-09T12:19:43","modified_gmt":"2026-03-09T10:19:43","slug":"tee-kusmi-tropical-white-bio-90g","status":"publish","type":"product","link":"https:\/\/cha.ee\/en\/pood\/tee-kusmi-tropical-white-bio-90g\/","title":{"rendered":"Tee Kusmi Tropical White Bio 90g"},"content":{"rendered":"<p>Avasta Kusmi Tropical White \u2013 orgaaniline valge tee, mis \u00fchendab endas valge tee \u00f5rna puhtuse ning troopiliste puuviljade loomuliku aroomi. Selles segus annavad maitsele helgust ja iseloomu looduslikud mango ja granadilli noodid, luues erakordselt pehme, v\u00e4rske ja tasakaaluka teeelamuse.<\/p>\n<p>Valge tee sisaldab v\u00e4hem kofeiini kui must ja roheline tee, kuid rohkem antioks\u00fcdante ja pol\u00fcfenoole, mis aitavad v\u00f5idelda oks\u00fcdatiivse stressiga ning toetavad organismi loomulikku eluj\u00f5udu. Nagu rohelisel ja mustal teel, on ka valgel teel mitmeid tervist toetavaid omadusi \u2013 see v\u00f5ib aidata hoida s\u00fcdame- ja veresoonkonda tasakaalus ning toetada ainevahetuse loomulikke protsesse.<\/p>\n<p>Tropical White\u2019i maitse on loodud olema universaalne ja selge, mitte kunstlikult intensiivne \u2013 see sobib ideaalselt nii kuuma teena kui ka jahutatult j\u00e4\u00e4teena, kus puuviljased noodid tulevad eriti kirkalt esile, j\u00e4\u00e4des siiski elegantseks ja naturaalseks.<\/p>\n<p>See tee on ideaalne kaaslane igap\u00e4evase vedeliku tarbimise suurendamiseks, rahulikuks teehetkeks v\u00f5i v\u00e4rskendavaks pausiks p\u00e4eva jooksul.<\/p>\n<p>Valmistamine: kasuta 70 \u00b0C kuuma vett ja lase t\u00f5mmata 3\u20134 minutit.<\/p>\n<p>Koostisosad: valge tee* (60%), roheline tee* (35%), looduslik granadilli l\u00f5hna- ja maitseaine (4%), looduslik mango l\u00f5hna- ja maitseaine (1%). (*mahep\u00f5llumajandusest)<\/p>\n<p>Netokogus: 90 g.<br \/>\nP\u00e4ritoluriik: India.<\/p>\n","protected":false},"excerpt":{"rendered":"<p>Tropical White \u2013 orgaaniline valge tee, millele annavad v\u00e4rskust looduslikud mango ja kannatusvilja noodid. Pehme, selge ja troopiliselt aromaatne maitseelamus.<\/p>\n<p>Valmistamine: kasuta 70 \u00b0C kuuma vett ja lase t\u00f5mmata 3\u20134 minutit.<\/p>\n<p>Koostisosad: valge tee* (60%), roheline tee* (35%), looduslik kannatusvilja l\u00f5hna- ja maitseaine (4%), looduslik mango l\u00f5hna- ja maitseaine (1%). (*mahep\u00f5llumajandusest)<\/p>\n","protected":false},"featured_media":138505,"template":"","meta":[],"product_brand":[],"product_cat":[276],"product_tag":[],"class_list":{"0":"post-138504","1":"product","2":"type-product","3":"status-publish","4":"has-post-thumbnail","6":"product_cat-kusmi-orgaanilised-puruteed","8":"first","9":"outofstock","10":"taxable","11":"shipping-taxable","12":"purchasable","13":"product-type-simple"},"yoast_head":"<!-- This site is optimized with the Yoast SEO Premium plugin v25.7.1 (Yoast SEO v27.4) - https:\/\/yoast.com\/product\/yoast-seo-premium-wordpress\/ -->\n<title>Tee Kusmi Tropical White Bio 90g | Cha<\/title>\n<meta name=\"description\" content=\"Kusmi Tropical White \u2013 orgaaniline valge tee, mille maitses kohtuvad mango siidine magusus ja kannatusvilja v\u00e4rske s\u00e4rts. Kerge ja elegantne...\" \/>\n<meta name=\"robots\" content=\"index, follow, max-snippet:-1, max-image-preview:large, max-video-preview:-1\" \/>\n<link rel=\"canonical\" href=\"https:\/\/cha.ee\/en\/pood\/tee-kusmi-tropical-white-bio-90g\/\" \/>\n<meta property=\"og:locale\" content=\"en_US\" \/>\n<meta property=\"og:type\" content=\"article\" \/>\n<meta property=\"og:title\" content=\"Tee Kusmi Tropical White Bio 90g\" \/>\n<meta property=\"og:description\" content=\"Kusmi Tropical White \u2013 orgaaniline valge tee, mille maitses kohtuvad mango siidine magusus ja kannatusvilja v\u00e4rske s\u00e4rts. Kerge ja elegantne...\" \/>\n<meta property=\"og:url\" content=\"https:\/\/cha.ee\/en\/pood\/tee-kusmi-tropical-white-bio-90g\/\" \/>\n<meta property=\"og:site_name\" content=\"Cha\" \/>\n<meta property=\"article:publisher\" content=\"https:\/\/www.facebook.com\/probiootiline\" \/>\n<meta property=\"article:modified_time\" content=\"2026-03-09T10:19:43+00:00\" \/>\n<meta property=\"og:image\" content=\"https:\/\/cha.ee\/wp-content\/uploads\/2026\/01\/Kusmi-purgid-RUUT.jpg\" \/>\n\t<meta property=\"og:image:width\" content=\"1500\" \/>\n\t<meta property=\"og:image:height\" content=\"1500\" \/>\n\t<meta property=\"og:image:type\" content=\"image\/jpeg\" \/>\n<meta name=\"twitter:card\" content=\"summary_large_image\" \/>\n<meta name=\"twitter:label1\" content=\"Price\" \/>\n\t<meta name=\"twitter:data1\" content=\"18,75&nbsp;&euro;\" \/>\n\t<meta name=\"twitter:label2\" content=\"Availability\" \/>\n\t<meta name=\"twitter:data2\" content=\"Out of stock\" \/>\n<script type=\"application\/ld+json\" class=\"yoast-schema-graph\">{\"@context\":\"https:\\\/\\\/schema.org\",\"@graph\":[{\"@type\":\"WebPage\",\"@id\":\"https:\\\/\\\/cha.ee\\\/en\\\/pood\\\/tee-kusmi-tropical-white-bio-90g\\\/\",\"url\":\"https:\\\/\\\/cha.ee\\\/en\\\/pood\\\/tee-kusmi-tropical-white-bio-90g\\\/\",\"name\":\"Tee Kusmi Tropical White Bio 90g | Cha\",\"isPartOf\":{\"@id\":\"https:\\\/\\\/cha.ee\\\/en\\\/#website\"},\"primaryImageOfPage\":{\"@id\":\"https:\\\/\\\/cha.ee\\\/en\\\/pood\\\/tee-kusmi-tropical-white-bio-90g\\\/#primaryimage\"},\"image\":{\"@id\":\"https:\\\/\\\/cha.ee\\\/en\\\/pood\\\/tee-kusmi-tropical-white-bio-90g\\\/#primaryimage\"},\"thumbnailUrl\":\"https:\\\/\\\/cha.ee\\\/wp-content\\\/uploads\\\/2026\\\/01\\\/Kusmi-purgid-RUUT.jpg\",\"datePublished\":\"2026-01-08T12:27:25+00:00\",\"dateModified\":\"2026-03-09T10:19:43+00:00\",\"description\":\"Kusmi Tropical White \u2013 orgaaniline valge tee, mille maitses kohtuvad mango siidine magusus ja kannatusvilja v\u00e4rske s\u00e4rts. Kerge ja elegantne...\",\"breadcrumb\":{\"@id\":\"https:\\\/\\\/cha.ee\\\/en\\\/pood\\\/tee-kusmi-tropical-white-bio-90g\\\/#breadcrumb\"},\"inLanguage\":\"en-US\",\"potentialAction\":[{\"@type\":\"ReadAction\",\"target\":[\"https:\\\/\\\/cha.ee\\\/en\\\/pood\\\/tee-kusmi-tropical-white-bio-90g\\\/\"]}]},{\"@type\":\"ImageObject\",\"inLanguage\":\"en-US\",\"@id\":\"https:\\\/\\\/cha.ee\\\/en\\\/pood\\\/tee-kusmi-tropical-white-bio-90g\\\/#primaryimage\",\"url\":\"https:\\\/\\\/cha.ee\\\/wp-content\\\/uploads\\\/2026\\\/01\\\/Kusmi-purgid-RUUT.jpg\",\"contentUrl\":\"https:\\\/\\\/cha.ee\\\/wp-content\\\/uploads\\\/2026\\\/01\\\/Kusmi-purgid-RUUT.jpg\",\"width\":1500,\"height\":1500,\"caption\":\"Tropical White\"},{\"@type\":\"BreadcrumbList\",\"@id\":\"https:\\\/\\\/cha.ee\\\/en\\\/pood\\\/tee-kusmi-tropical-white-bio-90g\\\/#breadcrumb\",\"itemListElement\":[{\"@type\":\"ListItem\",\"position\":1,\"name\":\"Esileht\",\"item\":\"https:\\\/\\\/cha.ee\\\/en\\\/\"},{\"@type\":\"ListItem\",\"position\":2,\"name\":\"Shop at\",\"item\":\"https:\\\/\\\/cha.ee\\\/en\\\/shop-at\\\/\"},{\"@type\":\"ListItem\",\"position\":3,\"name\":\"Tee Kusmi Tropical White Bio 90g\"}]},{\"@type\":\"WebSite\",\"@id\":\"https:\\\/\\\/cha.ee\\\/en\\\/#website\",\"url\":\"https:\\\/\\\/cha.ee\\\/en\\\/\",\"name\":\"Cha\",\"description\":\"Organic Tea for All\",\"publisher\":{\"@id\":\"https:\\\/\\\/cha.ee\\\/en\\\/#organization\"},\"alternateName\":\"Pro&Bio\",\"potentialAction\":[{\"@type\":\"SearchAction\",\"target\":{\"@type\":\"EntryPoint\",\"urlTemplate\":\"https:\\\/\\\/cha.ee\\\/en\\\/?s={search_term_string}\"},\"query-input\":{\"@type\":\"PropertyValueSpecification\",\"valueRequired\":true,\"valueName\":\"search_term_string\"}}],\"inLanguage\":\"en-US\"},{\"@type\":\"Organization\",\"@id\":\"https:\\\/\\\/cha.ee\\\/en\\\/#organization\",\"name\":\"Probio Group O\u00dc\",\"alternateName\":\"Pro&Bio\",\"url\":\"https:\\\/\\\/cha.ee\\\/en\\\/\",\"logo\":{\"@type\":\"ImageObject\",\"inLanguage\":\"en-US\",\"@id\":\"https:\\\/\\\/cha.ee\\\/en\\\/#\\\/schema\\\/logo\\\/image\\\/\",\"url\":\"https:\\\/\\\/cha.ee\\\/wp-content\\\/uploads\\\/2024\\\/01\\\/Naomi-Goodwin-2-transparent.webp\",\"contentUrl\":\"https:\\\/\\\/cha.ee\\\/wp-content\\\/uploads\\\/2024\\\/01\\\/Naomi-Goodwin-2-transparent.webp\",\"width\":1986,\"height\":1966,\"caption\":\"Probio Group O\u00dc\"},\"image\":{\"@id\":\"https:\\\/\\\/cha.ee\\\/en\\\/#\\\/schema\\\/logo\\\/image\\\/\"},\"sameAs\":[\"https:\\\/\\\/www.facebook.com\\\/probiootiline\",\"https:\\\/\\\/www.instagram.com\\\/probiootiline\\\/\"]}]}<\/script>\n<meta property=\"product:price:amount\" content=\"18.75\" \/>\n<meta property=\"product:price:currency\" content=\"EUR\" \/>\n<meta property=\"og:availability\" content=\"out of stock\" \/>\n<meta property=\"product:availability\" content=\"out of stock\" \/>\n<meta property=\"product:condition\" content=\"new\" \/>\n<!-- \/ Yoast SEO Premium plugin. -->","yoast_head_json":{"title":"Tee Kusmi Tropical White Bio 90g | Cha","description":"Kusmi Tropical White \u2013 orgaaniline valge tee, mille maitses kohtuvad mango siidine magusus ja kannatusvilja v\u00e4rske s\u00e4rts. Kerge ja elegantne...","robots":{"index":"index","follow":"follow","max-snippet":"max-snippet:-1","max-image-preview":"max-image-preview:large","max-video-preview":"max-video-preview:-1"},"canonical":"https:\/\/cha.ee\/en\/pood\/tee-kusmi-tropical-white-bio-90g\/","og_locale":"en_US","og_type":"article","og_title":"Tee Kusmi Tropical White Bio 90g","og_description":"Kusmi Tropical White \u2013 orgaaniline valge tee, mille maitses kohtuvad mango siidine magusus ja kannatusvilja v\u00e4rske s\u00e4rts. Kerge ja elegantne...","og_url":"https:\/\/cha.ee\/en\/pood\/tee-kusmi-tropical-white-bio-90g\/","og_site_name":"Cha","article_publisher":"https:\/\/www.facebook.com\/probiootiline","article_modified_time":"2026-03-09T10:19:43+00:00","og_image":[{"width":1500,"height":1500,"url":"https:\/\/cha.ee\/wp-content\/uploads\/2026\/01\/Kusmi-purgid-RUUT.jpg","type":"image\/jpeg"}],"twitter_card":"summary_large_image","twitter_misc":{"Price":"18,75&nbsp;&euro;","Availability":"Out of stock"},"schema":{"@context":"https:\/\/schema.org","@graph":[{"@type":"WebPage","@id":"https:\/\/cha.ee\/en\/pood\/tee-kusmi-tropical-white-bio-90g\/","url":"https:\/\/cha.ee\/en\/pood\/tee-kusmi-tropical-white-bio-90g\/","name":"Tee Kusmi Tropical White Bio 90g | Cha","isPartOf":{"@id":"https:\/\/cha.ee\/en\/#website"},"primaryImageOfPage":{"@id":"https:\/\/cha.ee\/en\/pood\/tee-kusmi-tropical-white-bio-90g\/#primaryimage"},"image":{"@id":"https:\/\/cha.ee\/en\/pood\/tee-kusmi-tropical-white-bio-90g\/#primaryimage"},"thumbnailUrl":"https:\/\/cha.ee\/wp-content\/uploads\/2026\/01\/Kusmi-purgid-RUUT.jpg","datePublished":"2026-01-08T12:27:25+00:00","dateModified":"2026-03-09T10:19:43+00:00","description":"Kusmi Tropical White \u2013 orgaaniline valge tee, mille maitses kohtuvad mango siidine magusus ja kannatusvilja v\u00e4rske s\u00e4rts. Kerge ja elegantne...","breadcrumb":{"@id":"https:\/\/cha.ee\/en\/pood\/tee-kusmi-tropical-white-bio-90g\/#breadcrumb"},"inLanguage":"en-US","potentialAction":[{"@type":"ReadAction","target":["https:\/\/cha.ee\/en\/pood\/tee-kusmi-tropical-white-bio-90g\/"]}]},{"@type":"ImageObject","inLanguage":"en-US","@id":"https:\/\/cha.ee\/en\/pood\/tee-kusmi-tropical-white-bio-90g\/#primaryimage","url":"https:\/\/cha.ee\/wp-content\/uploads\/2026\/01\/Kusmi-purgid-RUUT.jpg","contentUrl":"https:\/\/cha.ee\/wp-content\/uploads\/2026\/01\/Kusmi-purgid-RUUT.jpg","width":1500,"height":1500,"caption":"Tropical White"},{"@type":"BreadcrumbList","@id":"https:\/\/cha.ee\/en\/pood\/tee-kusmi-tropical-white-bio-90g\/#breadcrumb","itemListElement":[{"@type":"ListItem","position":1,"name":"Esileht","item":"https:\/\/cha.ee\/en\/"},{"@type":"ListItem","position":2,"name":"Shop at","item":"https:\/\/cha.ee\/en\/shop-at\/"},{"@type":"ListItem","position":3,"name":"Tee Kusmi Tropical White Bio 90g"}]},{"@type":"WebSite","@id":"https:\/\/cha.ee\/en\/#website","url":"https:\/\/cha.ee\/en\/","name":"Cha","description":"Organic Tea for All","publisher":{"@id":"https:\/\/cha.ee\/en\/#organization"},"alternateName":"Pro&Bio","potentialAction":[{"@type":"SearchAction","target":{"@type":"EntryPoint","urlTemplate":"https:\/\/cha.ee\/en\/?s={search_term_string}"},"query-input":{"@type":"PropertyValueSpecification","valueRequired":true,"valueName":"search_term_string"}}],"inLanguage":"en-US"},{"@type":"Organization","@id":"https:\/\/cha.ee\/en\/#organization","name":"Probio Group O\u00dc","alternateName":"Pro&Bio","url":"https:\/\/cha.ee\/en\/","logo":{"@type":"ImageObject","inLanguage":"en-US","@id":"https:\/\/cha.ee\/en\/#\/schema\/logo\/image\/","url":"https:\/\/cha.ee\/wp-content\/uploads\/2024\/01\/Naomi-Goodwin-2-transparent.webp","contentUrl":"https:\/\/cha.ee\/wp-content\/uploads\/2024\/01\/Naomi-Goodwin-2-transparent.webp","width":1986,"height":1966,"caption":"Probio Group O\u00dc"},"image":{"@id":"https:\/\/cha.ee\/en\/#\/schema\/logo\/image\/"},"sameAs":["https:\/\/www.facebook.com\/probiootiline","https:\/\/www.instagram.com\/probiootiline\/"]}]},"product_price_amount":"18.75","product_price_currency":"EUR","og_availability":"out of stock","product_availability":"out of stock","product_condition":"new"},"_links":{"self":[{"href":"https:\/\/cha.ee\/en\/wp-json\/wp\/v2\/product\/138504","targetHints":{"allow":["GET"]}}],"collection":[{"href":"https:\/\/cha.ee\/en\/wp-json\/wp\/v2\/product"}],"about":[{"href":"https:\/\/cha.ee\/en\/wp-json\/wp\/v2\/types\/product"}],"wp:featuredmedia":[{"embeddable":true,"href":"https:\/\/cha.ee\/en\/wp-json\/wp\/v2\/media\/138505"}],"wp:attachment":[{"href":"https:\/\/cha.ee\/en\/wp-json\/wp\/v2\/media?parent=138504"}],"wp:term":[{"taxonomy":"product_brand","embeddable":true,"href":"https:\/\/cha.ee\/en\/wp-json\/wp\/v2\/product_brand?post=138504"},{"taxonomy":"product_cat","embeddable":true,"href":"https:\/\/cha.ee\/en\/wp-json\/wp\/v2\/product_cat?post=138504"},{"taxonomy":"product_tag","embeddable":true,"href":"https:\/\/cha.ee\/en\/wp-json\/wp\/v2\/product_tag?post=138504"}],"curies":[{"name":"wp","href":"https:\/\/api.w.org\/{rel}","templated":true}]}}